{"id":2434,"date":"2017-09-25T18:03:09","date_gmt":"2017-09-25T21:03:09","guid":{"rendered":"http:\/\/189.16.185.54\/sustainability\/environmental-projects\/reflorestamento-de-mata-ciliar\/"},"modified":"2019-02-07T12:32:01","modified_gmt":"2019-02-07T14:32:01","slug":"reflorestamento-de-mata-ciliar","status":"publish","type":"page","link":"https:\/\/www.amstedmaxion.com.br\/en\/sustainability\/environmental-projects\/reflorestamento-de-mata-ciliar\/","title":{"rendered":"Riparian Vegetation Reforestation"},"content":{"rendered":"<p>One of the actions is the reforestation of the riparian forest, in the municipality of Cruzeiro, where the company has one of its units. It has planted approximately 8,000 seedlings of native trees (pioneers, secondary and climax), aiming to enrich and thicken the riparian forest under its area, besides contributing to the increase of biodiversity and favor the reception of the wild animals characteristic of the local fauna. In addition to reforestation in the company&#8217;s premises, two other areas were planted in the city of Cruzeiro, with 3,800 trees being planted in these areas, all of them native.<\/p>\n<p>This action aims above all to awaken in the employees, family and community, the importance of the subject in the day to day, mainly in the rational use of natural resources, in the proper management of the waste (waste) and in the education and training of citizens who contribute for a better society.<\/p>\n","protected":false},"excerpt":{"rendered":"<p>One of the actions is the reforestation of the riparian forest, in the municipality of Cruzeiro, where the company has one of its units. It has planted approximately 8,000 seedlings of native trees (pioneers, secondary and climax), aiming to enrich and thicken the riparian forest under its area, besides contributing to the increase of biodiversity [&hellip;]<\/p>\n","protected":false},"author":1,"featured_media":0,"parent":789,"menu_order":5,"comment_status":"closed","ping_status":"closed","template":"","meta":{"_acf_changed":false,"footnotes":""},"class_list":["post-2434","page","type-page","status-publish","hentry"],"acf":[],"yoast_head":"<!-- This site is optimized with the Yoast SEO plugin v23.9 - https:\/\/yoast.com\/wordpress\/plugins\/seo\/ -->\n<title>Riparian Vegetation Reforestation - AmstedMaxion<\/title>\n<meta name=\"robots\" content=\"index, follow, max-snippet:-1, max-image-preview:large, max-video-preview:-1\" \/>\n<link rel=\"canonical\" href=\"https:\/\/www.amstedmaxion.com.br\/sustentabilidade\/projetos-ambientais\/reflorestamento-de-mata-ciliar\/\" \/>\n<meta property=\"og:locale\" content=\"en_US\" \/>\n<meta property=\"og:type\" content=\"article\" \/>\n<meta property=\"og:title\" content=\"Riparian Vegetation Reforestation - AmstedMaxion\" \/>\n<meta property=\"og:description\" content=\"One of the actions is the reforestation of the riparian forest, in the municipality of Cruzeiro, where the company has one of its units. It has planted approximately 8,000 seedlings of native trees (pioneers, secondary and climax), aiming to enrich and thicken the riparian forest under its area, besides contributing to the increase of biodiversity [&hellip;]\" \/>\n<meta property=\"og:url\" content=\"https:\/\/www.amstedmaxion.com.br\/sustentabilidade\/projetos-ambientais\/reflorestamento-de-mata-ciliar\/\" \/>\n<meta property=\"og:site_name\" content=\"AmstedMaxion\" \/>\n<meta property=\"article:publisher\" content=\"https:\/\/www.facebook.com\/AmstedMaxion.Oficial\" \/>\n<meta property=\"article:modified_time\" content=\"2019-02-07T14:32:01+00:00\" \/>\n<meta name=\"twitter:card\" content=\"summary_large_image\" \/>\n<meta name=\"twitter:label1\" content=\"Est. reading time\" \/>\n\t<meta name=\"twitter:data1\" content=\"1 minute\" \/>\n<script type=\"application\/ld+json\" class=\"yoast-schema-graph\">{\"@context\":\"https:\/\/schema.org\",\"@graph\":[{\"@type\":\"WebPage\",\"@id\":\"https:\/\/www.amstedmaxion.com.br\/sustentabilidade\/projetos-ambientais\/reflorestamento-de-mata-ciliar\/\",\"url\":\"https:\/\/www.amstedmaxion.com.br\/sustentabilidade\/projetos-ambientais\/reflorestamento-de-mata-ciliar\/\",\"name\":\"Riparian Vegetation Reforestation - AmstedMaxion\",\"isPartOf\":{\"@id\":\"https:\/\/www.amstedmaxion.com.br\/#website\"},\"datePublished\":\"2017-09-25T21:03:09+00:00\",\"dateModified\":\"2019-02-07T14:32:01+00:00\",\"breadcrumb\":{\"@id\":\"https:\/\/www.amstedmaxion.com.br\/sustentabilidade\/projetos-ambientais\/reflorestamento-de-mata-ciliar\/#breadcrumb\"},\"inLanguage\":\"en-US\",\"potentialAction\":[{\"@type\":\"ReadAction\",\"target\":[\"https:\/\/www.amstedmaxion.com.br\/sustentabilidade\/projetos-ambientais\/reflorestamento-de-mata-ciliar\/\"]}]},{\"@type\":\"BreadcrumbList\",\"@id\":\"https:\/\/www.amstedmaxion.com.br\/sustentabilidade\/projetos-ambientais\/reflorestamento-de-mata-ciliar\/#breadcrumb\",\"itemListElement\":[{\"@type\":\"ListItem\",\"position\":1,\"name\":\"In\u00edcio\",\"item\":\"https:\/\/www.amstedmaxion.com.br\/\"},{\"@type\":\"ListItem\",\"position\":2,\"name\":\"Sustainability\",\"item\":\"https:\/\/www.amstedmaxion.com.br\/sustentabilidade\/\"},{\"@type\":\"ListItem\",\"position\":3,\"name\":\"Environmental Projects\",\"item\":\"https:\/\/www.amstedmaxion.com.br\/sustentabilidade\/projetos-ambientais\/\"},{\"@type\":\"ListItem\",\"position\":4,\"name\":\"Riparian Vegetation Reforestation\"}]},{\"@type\":\"WebSite\",\"@id\":\"https:\/\/www.amstedmaxion.com.br\/#website\",\"url\":\"https:\/\/www.amstedmaxion.com.br\/\",\"name\":\"AmstedMaxion\",\"description\":\"AmstedMaxion - Fundi\u00e7\u00e3o e Equipamentos Ferrovi\u00e1rios\",\"publisher\":{\"@id\":\"https:\/\/www.amstedmaxion.com.br\/#organization\"},\"alternateName\":\"AmstedMaxion\",\"potentialAction\":[{\"@type\":\"SearchAction\",\"target\":{\"@type\":\"EntryPoint\",\"urlTemplate\":\"https:\/\/www.amstedmaxion.com.br\/?s={search_term_string}\"},\"query-input\":{\"@type\":\"PropertyValueSpecification\",\"valueRequired\":true,\"valueName\":\"search_term_string\"}}],\"inLanguage\":\"en-US\"},{\"@type\":\"Organization\",\"@id\":\"https:\/\/www.amstedmaxion.com.br\/#organization\",\"name\":\"AMSTEDMAXION\",\"url\":\"https:\/\/www.amstedmaxion.com.br\/\",\"logo\":{\"@type\":\"ImageObject\",\"inLanguage\":\"en-US\",\"@id\":\"https:\/\/www.amstedmaxion.com.br\/#\/schema\/logo\/image\/\",\"url\":\"https:\/\/www.amstedmaxion.com.br\/wp-content\/uploads\/2023\/11\/amsted.png\",\"contentUrl\":\"https:\/\/www.amstedmaxion.com.br\/wp-content\/uploads\/2023\/11\/amsted.png\",\"width\":500,\"height\":500,\"caption\":\"AMSTEDMAXION\"},\"image\":{\"@id\":\"https:\/\/www.amstedmaxion.com.br\/#\/schema\/logo\/image\/\"},\"sameAs\":[\"https:\/\/www.facebook.com\/AmstedMaxion.Oficial\",\"https:\/\/br.linkedin.com\/company\/amstedmaxion\"]}]}<\/script>\n<!-- \/ Yoast SEO plugin. -->","yoast_head_json":{"title":"Riparian Vegetation Reforestation - AmstedMaxion","robots":{"index":"index","follow":"follow","max-snippet":"max-snippet:-1","max-image-preview":"max-image-preview:large","max-video-preview":"max-video-preview:-1"},"canonical":"https:\/\/www.amstedmaxion.com.br\/sustentabilidade\/projetos-ambientais\/reflorestamento-de-mata-ciliar\/","og_locale":"en_US","og_type":"article","og_title":"Riparian Vegetation Reforestation - AmstedMaxion","og_description":"One of the actions is the reforestation of the riparian forest, in the municipality of Cruzeiro, where the company has one of its units. It has planted approximately 8,000 seedlings of native trees (pioneers, secondary and climax), aiming to enrich and thicken the riparian forest under its area, besides contributing to the increase of biodiversity [&hellip;]","og_url":"https:\/\/www.amstedmaxion.com.br\/sustentabilidade\/projetos-ambientais\/reflorestamento-de-mata-ciliar\/","og_site_name":"AmstedMaxion","article_publisher":"https:\/\/www.facebook.com\/AmstedMaxion.Oficial","article_modified_time":"2019-02-07T14:32:01+00:00","twitter_card":"summary_large_image","twitter_misc":{"Est. reading time":"1 minute"},"schema":{"@context":"https:\/\/schema.org","@graph":[{"@type":"WebPage","@id":"https:\/\/www.amstedmaxion.com.br\/sustentabilidade\/projetos-ambientais\/reflorestamento-de-mata-ciliar\/","url":"https:\/\/www.amstedmaxion.com.br\/sustentabilidade\/projetos-ambientais\/reflorestamento-de-mata-ciliar\/","name":"Riparian Vegetation Reforestation - AmstedMaxion","isPartOf":{"@id":"https:\/\/www.amstedmaxion.com.br\/#website"},"datePublished":"2017-09-25T21:03:09+00:00","dateModified":"2019-02-07T14:32:01+00:00","breadcrumb":{"@id":"https:\/\/www.amstedmaxion.com.br\/sustentabilidade\/projetos-ambientais\/reflorestamento-de-mata-ciliar\/#breadcrumb"},"inLanguage":"en-US","potentialAction":[{"@type":"ReadAction","target":["https:\/\/www.amstedmaxion.com.br\/sustentabilidade\/projetos-ambientais\/reflorestamento-de-mata-ciliar\/"]}]},{"@type":"BreadcrumbList","@id":"https:\/\/www.amstedmaxion.com.br\/sustentabilidade\/projetos-ambientais\/reflorestamento-de-mata-ciliar\/#breadcrumb","itemListElement":[{"@type":"ListItem","position":1,"name":"In\u00edcio","item":"https:\/\/www.amstedmaxion.com.br\/"},{"@type":"ListItem","position":2,"name":"Sustainability","item":"https:\/\/www.amstedmaxion.com.br\/sustentabilidade\/"},{"@type":"ListItem","position":3,"name":"Environmental Projects","item":"https:\/\/www.amstedmaxion.com.br\/sustentabilidade\/projetos-ambientais\/"},{"@type":"ListItem","position":4,"name":"Riparian Vegetation Reforestation"}]},{"@type":"WebSite","@id":"https:\/\/www.amstedmaxion.com.br\/#website","url":"https:\/\/www.amstedmaxion.com.br\/","name":"AmstedMaxion","description":"AmstedMaxion - Fundi\u00e7\u00e3o e Equipamentos Ferrovi\u00e1rios","publisher":{"@id":"https:\/\/www.amstedmaxion.com.br\/#organization"},"alternateName":"AmstedMaxion","potentialAction":[{"@type":"SearchAction","target":{"@type":"EntryPoint","urlTemplate":"https:\/\/www.amstedmaxion.com.br\/?s={search_term_string}"},"query-input":{"@type":"PropertyValueSpecification","valueRequired":true,"valueName":"search_term_string"}}],"inLanguage":"en-US"},{"@type":"Organization","@id":"https:\/\/www.amstedmaxion.com.br\/#organization","name":"AMSTEDMAXION","url":"https:\/\/www.amstedmaxion.com.br\/","logo":{"@type":"ImageObject","inLanguage":"en-US","@id":"https:\/\/www.amstedmaxion.com.br\/#\/schema\/logo\/image\/","url":"https:\/\/www.amstedmaxion.com.br\/wp-content\/uploads\/2023\/11\/amsted.png","contentUrl":"https:\/\/www.amstedmaxion.com.br\/wp-content\/uploads\/2023\/11\/amsted.png","width":500,"height":500,"caption":"AMSTEDMAXION"},"image":{"@id":"https:\/\/www.amstedmaxion.com.br\/#\/schema\/logo\/image\/"},"sameAs":["https:\/\/www.facebook.com\/AmstedMaxion.Oficial","https:\/\/br.linkedin.com\/company\/amstedmaxion"]}]}},"_links":{"self":[{"href":"https:\/\/www.amstedmaxion.com.br\/en\/wp-json\/wp\/v2\/pages\/2434","targetHints":{"allow":["GET"]}}],"collection":[{"href":"https:\/\/www.amstedmaxion.com.br\/en\/wp-json\/wp\/v2\/pages"}],"about":[{"href":"https:\/\/www.amstedmaxion.com.br\/en\/wp-json\/wp\/v2\/types\/page"}],"author":[{"embeddable":true,"href":"https:\/\/www.amstedmaxion.com.br\/en\/wp-json\/wp\/v2\/users\/1"}],"replies":[{"embeddable":true,"href":"https:\/\/www.amstedmaxion.com.br\/en\/wp-json\/wp\/v2\/comments?post=2434"}],"version-history":[{"count":3,"href":"https:\/\/www.amstedmaxion.com.br\/en\/wp-json\/wp\/v2\/pages\/2434\/revisions"}],"predecessor-version":[{"id":5157,"href":"https:\/\/www.amstedmaxion.com.br\/en\/wp-json\/wp\/v2\/pages\/2434\/revisions\/5157"}],"up":[{"embeddable":true,"href":"https:\/\/www.amstedmaxion.com.br\/en\/wp-json\/wp\/v2\/pages\/789"}],"wp:attachment":[{"href":"https:\/\/www.amstedmaxion.com.br\/en\/wp-json\/wp\/v2\/media?parent=2434"}],"curies":[{"name":"wp","href":"https:\/\/api.w.org\/{rel}","templated":true}]}}