{"id":2445,"date":"2017-09-25T18:04:53","date_gmt":"2017-09-25T21:04:53","guid":{"rendered":"http:\/\/189.16.185.54\/sustainability\/internal-projects\/programa-alo-mamae\/"},"modified":"2018-02-28T15:59:33","modified_gmt":"2018-02-28T18:59:33","slug":"programa-alo-mamae","status":"publish","type":"page","link":"https:\/\/www.amstedmaxion.com.br\/en\/sustainability\/internal-projects\/programa-alo-mamae\/","title":{"rendered":"Hello Moms"},"content":{"rendered":"<p>Through the Hello Mommy Program, pregnant employees and also the pregnant wives and pregnant daughters of employees are supported during the gestation period before the baby is born. The monthly meetings have the participation of a professional specialist in the area. They address subjects like baby care, breastfeeding, speech therapy, physical activity, relaxing massage for babies, first aid, gynecology, psychology and nutrition.<\/p>\n<p>After the birth of the babies, the moms receive a visit from the company and get a gift of a personalized maternity bag with a kit of products for the first care with the newborn.<\/p>\n","protected":false},"excerpt":{"rendered":"<p>Through the Hello Mommy Program, pregnant employees and also the pregnant wives and pregnant daughters of employees are supported during the gestation period before the baby is born. The monthly meetings have the participation of a professional specialist in the area. They address subjects like baby care, breastfeeding, speech therapy, physical activity, relaxing massage for [&hellip;]<\/p>\n","protected":false},"author":1,"featured_media":0,"parent":776,"menu_order":2,"comment_status":"closed","ping_status":"closed","template":"","meta":{"_acf_changed":false,"footnotes":""},"class_list":["post-2445","page","type-page","status-publish","hentry"],"acf":[],"yoast_head":"<!-- This site is optimized with the Yoast SEO plugin v23.9 - https:\/\/yoast.com\/wordpress\/plugins\/seo\/ -->\n<title>Hello Moms - AmstedMaxion<\/title>\n<meta name=\"robots\" content=\"index, follow, max-snippet:-1, max-image-preview:large, max-video-preview:-1\" \/>\n<link rel=\"canonical\" href=\"https:\/\/www.amstedmaxion.com.br\/sustentabilidade\/projetos-internos\/programa-mamae-am\/\" \/>\n<meta property=\"og:locale\" content=\"en_US\" \/>\n<meta property=\"og:type\" content=\"article\" \/>\n<meta property=\"og:title\" content=\"Hello Moms - AmstedMaxion\" \/>\n<meta property=\"og:description\" content=\"Through the Hello Mommy Program, pregnant employees and also the pregnant wives and pregnant daughters of employees are supported during the gestation period before the baby is born. The monthly meetings have the participation of a professional specialist in the area. They address subjects like baby care, breastfeeding, speech therapy, physical activity, relaxing massage for [&hellip;]\" \/>\n<meta property=\"og:url\" content=\"https:\/\/www.amstedmaxion.com.br\/sustentabilidade\/projetos-internos\/programa-mamae-am\/\" \/>\n<meta property=\"og:site_name\" content=\"AmstedMaxion\" \/>\n<meta property=\"article:publisher\" content=\"https:\/\/www.facebook.com\/AmstedMaxion.Oficial\" \/>\n<meta property=\"article:modified_time\" content=\"2018-02-28T18:59:33+00:00\" \/>\n<meta name=\"twitter:card\" content=\"summary_large_image\" \/>\n<script type=\"application\/ld+json\" class=\"yoast-schema-graph\">{\"@context\":\"https:\/\/schema.org\",\"@graph\":[{\"@type\":\"WebPage\",\"@id\":\"https:\/\/www.amstedmaxion.com.br\/sustentabilidade\/projetos-internos\/programa-mamae-am\/\",\"url\":\"https:\/\/www.amstedmaxion.com.br\/sustentabilidade\/projetos-internos\/programa-mamae-am\/\",\"name\":\"Hello Moms - AmstedMaxion\",\"isPartOf\":{\"@id\":\"https:\/\/www.amstedmaxion.com.br\/#website\"},\"datePublished\":\"2017-09-25T21:04:53+00:00\",\"dateModified\":\"2018-02-28T18:59:33+00:00\",\"breadcrumb\":{\"@id\":\"https:\/\/www.amstedmaxion.com.br\/sustentabilidade\/projetos-internos\/programa-mamae-am\/#breadcrumb\"},\"inLanguage\":\"en-US\",\"potentialAction\":[{\"@type\":\"ReadAction\",\"target\":[\"https:\/\/www.amstedmaxion.com.br\/sustentabilidade\/projetos-internos\/programa-mamae-am\/\"]}]},{\"@type\":\"BreadcrumbList\",\"@id\":\"https:\/\/www.amstedmaxion.com.br\/sustentabilidade\/projetos-internos\/programa-mamae-am\/#breadcrumb\",\"itemListElement\":[{\"@type\":\"ListItem\",\"position\":1,\"name\":\"In\u00edcio\",\"item\":\"https:\/\/www.amstedmaxion.com.br\/\"},{\"@type\":\"ListItem\",\"position\":2,\"name\":\"Sustainability\",\"item\":\"https:\/\/www.amstedmaxion.com.br\/sustentabilidade\/\"},{\"@type\":\"ListItem\",\"position\":3,\"name\":\"People\",\"item\":\"https:\/\/www.amstedmaxion.com.br\/en\/sustainability\/internal-projects\/\"},{\"@type\":\"ListItem\",\"position\":4,\"name\":\"Hello Moms\"}]},{\"@type\":\"WebSite\",\"@id\":\"https:\/\/www.amstedmaxion.com.br\/#website\",\"url\":\"https:\/\/www.amstedmaxion.com.br\/\",\"name\":\"AmstedMaxion\",\"description\":\"AmstedMaxion - Fundi\u00e7\u00e3o e Equipamentos Ferrovi\u00e1rios\",\"publisher\":{\"@id\":\"https:\/\/www.amstedmaxion.com.br\/#organization\"},\"alternateName\":\"AmstedMaxion\",\"potentialAction\":[{\"@type\":\"SearchAction\",\"target\":{\"@type\":\"EntryPoint\",\"urlTemplate\":\"https:\/\/www.amstedmaxion.com.br\/?s={search_term_string}\"},\"query-input\":{\"@type\":\"PropertyValueSpecification\",\"valueRequired\":true,\"valueName\":\"search_term_string\"}}],\"inLanguage\":\"en-US\"},{\"@type\":\"Organization\",\"@id\":\"https:\/\/www.amstedmaxion.com.br\/#organization\",\"name\":\"AMSTEDMAXION\",\"url\":\"https:\/\/www.amstedmaxion.com.br\/\",\"logo\":{\"@type\":\"ImageObject\",\"inLanguage\":\"en-US\",\"@id\":\"https:\/\/www.amstedmaxion.com.br\/#\/schema\/logo\/image\/\",\"url\":\"https:\/\/www.amstedmaxion.com.br\/wp-content\/uploads\/2023\/11\/amsted.png\",\"contentUrl\":\"https:\/\/www.amstedmaxion.com.br\/wp-content\/uploads\/2023\/11\/amsted.png\",\"width\":500,\"height\":500,\"caption\":\"AMSTEDMAXION\"},\"image\":{\"@id\":\"https:\/\/www.amstedmaxion.com.br\/#\/schema\/logo\/image\/\"},\"sameAs\":[\"https:\/\/www.facebook.com\/AmstedMaxion.Oficial\",\"https:\/\/br.linkedin.com\/company\/amstedmaxion\"]}]}<\/script>\n<!-- \/ Yoast SEO plugin. -->","yoast_head_json":{"title":"Hello Moms - AmstedMaxion","robots":{"index":"index","follow":"follow","max-snippet":"max-snippet:-1","max-image-preview":"max-image-preview:large","max-video-preview":"max-video-preview:-1"},"canonical":"https:\/\/www.amstedmaxion.com.br\/sustentabilidade\/projetos-internos\/programa-mamae-am\/","og_locale":"en_US","og_type":"article","og_title":"Hello Moms - AmstedMaxion","og_description":"Through the Hello Mommy Program, pregnant employees and also the pregnant wives and pregnant daughters of employees are supported during the gestation period before the baby is born. The monthly meetings have the participation of a professional specialist in the area. They address subjects like baby care, breastfeeding, speech therapy, physical activity, relaxing massage for [&hellip;]","og_url":"https:\/\/www.amstedmaxion.com.br\/sustentabilidade\/projetos-internos\/programa-mamae-am\/","og_site_name":"AmstedMaxion","article_publisher":"https:\/\/www.facebook.com\/AmstedMaxion.Oficial","article_modified_time":"2018-02-28T18:59:33+00:00","twitter_card":"summary_large_image","schema":{"@context":"https:\/\/schema.org","@graph":[{"@type":"WebPage","@id":"https:\/\/www.amstedmaxion.com.br\/sustentabilidade\/projetos-internos\/programa-mamae-am\/","url":"https:\/\/www.amstedmaxion.com.br\/sustentabilidade\/projetos-internos\/programa-mamae-am\/","name":"Hello Moms - AmstedMaxion","isPartOf":{"@id":"https:\/\/www.amstedmaxion.com.br\/#website"},"datePublished":"2017-09-25T21:04:53+00:00","dateModified":"2018-02-28T18:59:33+00:00","breadcrumb":{"@id":"https:\/\/www.amstedmaxion.com.br\/sustentabilidade\/projetos-internos\/programa-mamae-am\/#breadcrumb"},"inLanguage":"en-US","potentialAction":[{"@type":"ReadAction","target":["https:\/\/www.amstedmaxion.com.br\/sustentabilidade\/projetos-internos\/programa-mamae-am\/"]}]},{"@type":"BreadcrumbList","@id":"https:\/\/www.amstedmaxion.com.br\/sustentabilidade\/projetos-internos\/programa-mamae-am\/#breadcrumb","itemListElement":[{"@type":"ListItem","position":1,"name":"In\u00edcio","item":"https:\/\/www.amstedmaxion.com.br\/"},{"@type":"ListItem","position":2,"name":"Sustainability","item":"https:\/\/www.amstedmaxion.com.br\/sustentabilidade\/"},{"@type":"ListItem","position":3,"name":"People","item":"https:\/\/www.amstedmaxion.com.br\/en\/sustainability\/internal-projects\/"},{"@type":"ListItem","position":4,"name":"Hello Moms"}]},{"@type":"WebSite","@id":"https:\/\/www.amstedmaxion.com.br\/#website","url":"https:\/\/www.amstedmaxion.com.br\/","name":"AmstedMaxion","description":"AmstedMaxion - Fundi\u00e7\u00e3o e Equipamentos Ferrovi\u00e1rios","publisher":{"@id":"https:\/\/www.amstedmaxion.com.br\/#organization"},"alternateName":"AmstedMaxion","potentialAction":[{"@type":"SearchAction","target":{"@type":"EntryPoint","urlTemplate":"https:\/\/www.amstedmaxion.com.br\/?s={search_term_string}"},"query-input":{"@type":"PropertyValueSpecification","valueRequired":true,"valueName":"search_term_string"}}],"inLanguage":"en-US"},{"@type":"Organization","@id":"https:\/\/www.amstedmaxion.com.br\/#organization","name":"AMSTEDMAXION","url":"https:\/\/www.amstedmaxion.com.br\/","logo":{"@type":"ImageObject","inLanguage":"en-US","@id":"https:\/\/www.amstedmaxion.com.br\/#\/schema\/logo\/image\/","url":"https:\/\/www.amstedmaxion.com.br\/wp-content\/uploads\/2023\/11\/amsted.png","contentUrl":"https:\/\/www.amstedmaxion.com.br\/wp-content\/uploads\/2023\/11\/amsted.png","width":500,"height":500,"caption":"AMSTEDMAXION"},"image":{"@id":"https:\/\/www.amstedmaxion.com.br\/#\/schema\/logo\/image\/"},"sameAs":["https:\/\/www.facebook.com\/AmstedMaxion.Oficial","https:\/\/br.linkedin.com\/company\/amstedmaxion"]}]}},"_links":{"self":[{"href":"https:\/\/www.amstedmaxion.com.br\/en\/wp-json\/wp\/v2\/pages\/2445","targetHints":{"allow":["GET"]}}],"collection":[{"href":"https:\/\/www.amstedmaxion.com.br\/en\/wp-json\/wp\/v2\/pages"}],"about":[{"href":"https:\/\/www.amstedmaxion.com.br\/en\/wp-json\/wp\/v2\/types\/page"}],"author":[{"embeddable":true,"href":"https:\/\/www.amstedmaxion.com.br\/en\/wp-json\/wp\/v2\/users\/1"}],"replies":[{"embeddable":true,"href":"https:\/\/www.amstedmaxion.com.br\/en\/wp-json\/wp\/v2\/comments?post=2445"}],"version-history":[{"count":0,"href":"https:\/\/www.amstedmaxion.com.br\/en\/wp-json\/wp\/v2\/pages\/2445\/revisions"}],"up":[{"embeddable":true,"href":"https:\/\/www.amstedmaxion.com.br\/en\/wp-json\/wp\/v2\/pages\/776"}],"wp:attachment":[{"href":"https:\/\/www.amstedmaxion.com.br\/en\/wp-json\/wp\/v2\/media?parent=2445"}],"curies":[{"name":"wp","href":"https:\/\/api.w.org\/{rel}","templated":true}]}}