{"id":2446,"date":"2017-09-25T18:04:22","date_gmt":"2017-09-25T21:04:22","guid":{"rendered":"http:\/\/189.16.185.54\/sustainability\/internal-projects\/fabrica-aberta\/"},"modified":"2019-02-19T11:14:25","modified_gmt":"2019-02-19T14:14:25","slug":"fabrica-aberta","status":"publish","type":"page","link":"https:\/\/www.amstedmaxion.com.br\/en\/sustainability\/internal-projects\/fabrica-aberta\/","title":{"rendered":"Open Factory"},"content":{"rendered":"<p>The Open Factory Program consists in opening the company\u2019s doors to have a closer relationship between the company and its collaborators, family members and the community, presenting its reality, work environment, routine and technology. This program consists of promoting personalized visits for each type of public and is monitored by specialized technicians.<\/p>\n<p>In the factory, the visitor will have moments of discovery and learning, in addition to finding out about the company\u2019s actions and all curiosities related to its history.<\/p>\n<p>Sign-up and get to know the largest railway operation and the largest foundry in Latin America!<\/p>\n<p>In Cruzeiro, the visits take place every second week of the month, always on Thursdays, with groups of 10 (minimal quantity) to 20 people.<\/p>\n<p>Minimum age for the visit is 12 years old.<\/p>\n<p>They are required to present their ID or another identification document with photo for clearance at the gates.<\/p>\n<p>The visitor should wear long pants, closed shoes and a t-shirt. It is forbidden to access the factory using shorts, sleeveless shirts, skirts or blouses, as well as soccer team jerseys.<\/p>\n<p>&nbsp;<\/p>\n<p><strong><br \/>\nTO SCHEDULE YOUR VISIT, CONTACT US:<\/strong><br \/>\nPhelipe Silva at phone No. (12) 2122-8659 or e-mail <a href=\"mailto:phelipe.silva@amstedmaxion.com.br\">phelipe.silva@amstedmaxion.com.br<\/a>.<\/p>\n","protected":false},"excerpt":{"rendered":"<p>The Open Factory Program consists in opening the company\u2019s doors to have a closer relationship between the company and its collaborators, family members and the community, presenting its reality, work environment, routine and technology. This program consists of promoting personalized visits for each type of public and is monitored by specialized technicians. In the factory, [&hellip;]<\/p>\n","protected":false},"author":1,"featured_media":0,"parent":776,"menu_order":1,"comment_status":"closed","ping_status":"closed","template":"","meta":{"_acf_changed":false,"footnotes":""},"class_list":["post-2446","page","type-page","status-publish","hentry"],"acf":[],"yoast_head":"<!-- This site is optimized with the Yoast SEO plugin v23.9 - https:\/\/yoast.com\/wordpress\/plugins\/seo\/ -->\n<title>Open Factory - AmstedMaxion<\/title>\n<meta name=\"robots\" content=\"index, follow, max-snippet:-1, max-image-preview:large, max-video-preview:-1\" \/>\n<link rel=\"canonical\" href=\"https:\/\/www.amstedmaxion.com.br\/en\/sustainability\/internal-projects\/fabrica-aberta\/\" \/>\n<meta property=\"og:locale\" content=\"en_US\" \/>\n<meta property=\"og:type\" content=\"article\" \/>\n<meta property=\"og:title\" content=\"Open Factory - AmstedMaxion\" \/>\n<meta property=\"og:description\" content=\"The Open Factory Program consists in opening the company\u2019s doors to have a closer relationship between the company and its collaborators, family members and the community, presenting its reality, work environment, routine and technology. This program consists of promoting personalized visits for each type of public and is monitored by specialized technicians. In the factory, [&hellip;]\" \/>\n<meta property=\"og:url\" content=\"https:\/\/www.amstedmaxion.com.br\/en\/sustainability\/internal-projects\/fabrica-aberta\/\" \/>\n<meta property=\"og:site_name\" content=\"AmstedMaxion\" \/>\n<meta property=\"article:publisher\" content=\"https:\/\/www.facebook.com\/AmstedMaxion.Oficial\" \/>\n<meta property=\"article:modified_time\" content=\"2019-02-19T14:14:25+00:00\" \/>\n<meta name=\"twitter:card\" content=\"summary_large_image\" \/>\n<meta name=\"twitter:label1\" content=\"Est. reading time\" \/>\n\t<meta name=\"twitter:data1\" content=\"1 minute\" \/>\n<script type=\"application\/ld+json\" class=\"yoast-schema-graph\">{\"@context\":\"https:\/\/schema.org\",\"@graph\":[{\"@type\":\"WebPage\",\"@id\":\"https:\/\/www.amstedmaxion.com.br\/en\/sustainability\/internal-projects\/fabrica-aberta\/\",\"url\":\"https:\/\/www.amstedmaxion.com.br\/en\/sustainability\/internal-projects\/fabrica-aberta\/\",\"name\":\"Open Factory - AmstedMaxion\",\"isPartOf\":{\"@id\":\"https:\/\/www.amstedmaxion.com.br\/#website\"},\"datePublished\":\"2017-09-25T21:04:22+00:00\",\"dateModified\":\"2019-02-19T14:14:25+00:00\",\"breadcrumb\":{\"@id\":\"https:\/\/www.amstedmaxion.com.br\/en\/sustainability\/internal-projects\/fabrica-aberta\/#breadcrumb\"},\"inLanguage\":\"en-US\",\"potentialAction\":[{\"@type\":\"ReadAction\",\"target\":[\"https:\/\/www.amstedmaxion.com.br\/en\/sustainability\/internal-projects\/fabrica-aberta\/\"]}]},{\"@type\":\"BreadcrumbList\",\"@id\":\"https:\/\/www.amstedmaxion.com.br\/en\/sustainability\/internal-projects\/fabrica-aberta\/#breadcrumb\",\"itemListElement\":[{\"@type\":\"ListItem\",\"position\":1,\"name\":\"In\u00edcio\",\"item\":\"https:\/\/www.amstedmaxion.com.br\/\"},{\"@type\":\"ListItem\",\"position\":2,\"name\":\"Sustainability\",\"item\":\"https:\/\/www.amstedmaxion.com.br\/sustentabilidade\/\"},{\"@type\":\"ListItem\",\"position\":3,\"name\":\"People\",\"item\":\"https:\/\/www.amstedmaxion.com.br\/en\/sustainability\/internal-projects\/\"},{\"@type\":\"ListItem\",\"position\":4,\"name\":\"Open Factory\"}]},{\"@type\":\"WebSite\",\"@id\":\"https:\/\/www.amstedmaxion.com.br\/#website\",\"url\":\"https:\/\/www.amstedmaxion.com.br\/\",\"name\":\"AmstedMaxion\",\"description\":\"AmstedMaxion - Fundi\u00e7\u00e3o e Equipamentos Ferrovi\u00e1rios\",\"publisher\":{\"@id\":\"https:\/\/www.amstedmaxion.com.br\/#organization\"},\"alternateName\":\"AmstedMaxion\",\"potentialAction\":[{\"@type\":\"SearchAction\",\"target\":{\"@type\":\"EntryPoint\",\"urlTemplate\":\"https:\/\/www.amstedmaxion.com.br\/?s={search_term_string}\"},\"query-input\":{\"@type\":\"PropertyValueSpecification\",\"valueRequired\":true,\"valueName\":\"search_term_string\"}}],\"inLanguage\":\"en-US\"},{\"@type\":\"Organization\",\"@id\":\"https:\/\/www.amstedmaxion.com.br\/#organization\",\"name\":\"AMSTEDMAXION\",\"url\":\"https:\/\/www.amstedmaxion.com.br\/\",\"logo\":{\"@type\":\"ImageObject\",\"inLanguage\":\"en-US\",\"@id\":\"https:\/\/www.amstedmaxion.com.br\/#\/schema\/logo\/image\/\",\"url\":\"https:\/\/www.amstedmaxion.com.br\/wp-content\/uploads\/2023\/11\/amsted.png\",\"contentUrl\":\"https:\/\/www.amstedmaxion.com.br\/wp-content\/uploads\/2023\/11\/amsted.png\",\"width\":500,\"height\":500,\"caption\":\"AMSTEDMAXION\"},\"image\":{\"@id\":\"https:\/\/www.amstedmaxion.com.br\/#\/schema\/logo\/image\/\"},\"sameAs\":[\"https:\/\/www.facebook.com\/AmstedMaxion.Oficial\",\"https:\/\/br.linkedin.com\/company\/amstedmaxion\"]}]}<\/script>\n<!-- \/ Yoast SEO plugin. -->","yoast_head_json":{"title":"Open Factory - AmstedMaxion","robots":{"index":"index","follow":"follow","max-snippet":"max-snippet:-1","max-image-preview":"max-image-preview:large","max-video-preview":"max-video-preview:-1"},"canonical":"https:\/\/www.amstedmaxion.com.br\/en\/sustainability\/internal-projects\/fabrica-aberta\/","og_locale":"en_US","og_type":"article","og_title":"Open Factory - AmstedMaxion","og_description":"The Open Factory Program consists in opening the company\u2019s doors to have a closer relationship between the company and its collaborators, family members and the community, presenting its reality, work environment, routine and technology. This program consists of promoting personalized visits for each type of public and is monitored by specialized technicians. In the factory, [&hellip;]","og_url":"https:\/\/www.amstedmaxion.com.br\/en\/sustainability\/internal-projects\/fabrica-aberta\/","og_site_name":"AmstedMaxion","article_publisher":"https:\/\/www.facebook.com\/AmstedMaxion.Oficial","article_modified_time":"2019-02-19T14:14:25+00:00","twitter_card":"summary_large_image","twitter_misc":{"Est. reading time":"1 minute"},"schema":{"@context":"https:\/\/schema.org","@graph":[{"@type":"WebPage","@id":"https:\/\/www.amstedmaxion.com.br\/en\/sustainability\/internal-projects\/fabrica-aberta\/","url":"https:\/\/www.amstedmaxion.com.br\/en\/sustainability\/internal-projects\/fabrica-aberta\/","name":"Open Factory - AmstedMaxion","isPartOf":{"@id":"https:\/\/www.amstedmaxion.com.br\/#website"},"datePublished":"2017-09-25T21:04:22+00:00","dateModified":"2019-02-19T14:14:25+00:00","breadcrumb":{"@id":"https:\/\/www.amstedmaxion.com.br\/en\/sustainability\/internal-projects\/fabrica-aberta\/#breadcrumb"},"inLanguage":"en-US","potentialAction":[{"@type":"ReadAction","target":["https:\/\/www.amstedmaxion.com.br\/en\/sustainability\/internal-projects\/fabrica-aberta\/"]}]},{"@type":"BreadcrumbList","@id":"https:\/\/www.amstedmaxion.com.br\/en\/sustainability\/internal-projects\/fabrica-aberta\/#breadcrumb","itemListElement":[{"@type":"ListItem","position":1,"name":"In\u00edcio","item":"https:\/\/www.amstedmaxion.com.br\/"},{"@type":"ListItem","position":2,"name":"Sustainability","item":"https:\/\/www.amstedmaxion.com.br\/sustentabilidade\/"},{"@type":"ListItem","position":3,"name":"People","item":"https:\/\/www.amstedmaxion.com.br\/en\/sustainability\/internal-projects\/"},{"@type":"ListItem","position":4,"name":"Open Factory"}]},{"@type":"WebSite","@id":"https:\/\/www.amstedmaxion.com.br\/#website","url":"https:\/\/www.amstedmaxion.com.br\/","name":"AmstedMaxion","description":"AmstedMaxion - Fundi\u00e7\u00e3o e Equipamentos Ferrovi\u00e1rios","publisher":{"@id":"https:\/\/www.amstedmaxion.com.br\/#organization"},"alternateName":"AmstedMaxion","potentialAction":[{"@type":"SearchAction","target":{"@type":"EntryPoint","urlTemplate":"https:\/\/www.amstedmaxion.com.br\/?s={search_term_string}"},"query-input":{"@type":"PropertyValueSpecification","valueRequired":true,"valueName":"search_term_string"}}],"inLanguage":"en-US"},{"@type":"Organization","@id":"https:\/\/www.amstedmaxion.com.br\/#organization","name":"AMSTEDMAXION","url":"https:\/\/www.amstedmaxion.com.br\/","logo":{"@type":"ImageObject","inLanguage":"en-US","@id":"https:\/\/www.amstedmaxion.com.br\/#\/schema\/logo\/image\/","url":"https:\/\/www.amstedmaxion.com.br\/wp-content\/uploads\/2023\/11\/amsted.png","contentUrl":"https:\/\/www.amstedmaxion.com.br\/wp-content\/uploads\/2023\/11\/amsted.png","width":500,"height":500,"caption":"AMSTEDMAXION"},"image":{"@id":"https:\/\/www.amstedmaxion.com.br\/#\/schema\/logo\/image\/"},"sameAs":["https:\/\/www.facebook.com\/AmstedMaxion.Oficial","https:\/\/br.linkedin.com\/company\/amstedmaxion"]}]}},"_links":{"self":[{"href":"https:\/\/www.amstedmaxion.com.br\/en\/wp-json\/wp\/v2\/pages\/2446","targetHints":{"allow":["GET"]}}],"collection":[{"href":"https:\/\/www.amstedmaxion.com.br\/en\/wp-json\/wp\/v2\/pages"}],"about":[{"href":"https:\/\/www.amstedmaxion.com.br\/en\/wp-json\/wp\/v2\/types\/page"}],"author":[{"embeddable":true,"href":"https:\/\/www.amstedmaxion.com.br\/en\/wp-json\/wp\/v2\/users\/1"}],"replies":[{"embeddable":true,"href":"https:\/\/www.amstedmaxion.com.br\/en\/wp-json\/wp\/v2\/comments?post=2446"}],"version-history":[{"count":4,"href":"https:\/\/www.amstedmaxion.com.br\/en\/wp-json\/wp\/v2\/pages\/2446\/revisions"}],"predecessor-version":[{"id":5226,"href":"https:\/\/www.amstedmaxion.com.br\/en\/wp-json\/wp\/v2\/pages\/2446\/revisions\/5226"}],"up":[{"embeddable":true,"href":"https:\/\/www.amstedmaxion.com.br\/en\/wp-json\/wp\/v2\/pages\/776"}],"wp:attachment":[{"href":"https:\/\/www.amstedmaxion.com.br\/en\/wp-json\/wp\/v2\/media?parent=2446"}],"curies":[{"name":"wp","href":"https:\/\/api.w.org\/{rel}","templated":true}]}}