{"id":2611,"date":"2017-12-20T11:24:05","date_gmt":"2017-12-20T13:24:05","guid":{"rendered":"http:\/\/189.16.185.54\/about-us\/a-greenbrier-maxion\/"},"modified":"2019-02-15T12:21:33","modified_gmt":"2019-02-15T14:21:33","slug":"amsted-maxion","status":"publish","type":"page","link":"https:\/\/www.amstedmaxion.com.br\/en\/about-us\/amsted-maxion\/","title":{"rendered":"AmstedMaxion"},"content":{"rendered":"<h3><span style=\"color: #ffffff;\">OUR UNIVERSE IS DRIVEN BY THE RAILWAY.<br \/>\n<\/span><\/h3>\n<p>With more than 70 years of activities, is the leading Latin American reference in the development and manufacture of steel wheels, casting components for bogies and draft gear systems, such as draft sill, E and F type coupler, fixed and rotary yokes, connection rods, followers, collars, wheel mirrors, as well as railway wheels with micro-alloyed steel technology. They are robust components with high operational performance, easy maintenance and adapted to the high demands and forces of movement of the current trains, heavier and longer. Besides the railway components, also has the capacity to produce pieces from ten kilos to six tons, in carbon steel and low alloy. Provides for the sectors of mining, machinery and equipment for civil construction and sugar and alcohol, both in domestic and export market.<\/p>\n","protected":false},"excerpt":{"rendered":"<p>OUR UNIVERSE IS DRIVEN BY THE RAILWAY. With more than 70 years of activities, is the leading Latin American reference in the development and manufacture of steel wheels, casting components for bogies and draft gear systems, such as draft sill, E and F type coupler, fixed and rotary yokes, connection rods, followers, collars, wheel mirrors, [&hellip;]<\/p>\n","protected":false},"author":1,"featured_media":0,"parent":664,"menu_order":5,"comment_status":"closed","ping_status":"closed","template":"page-infografico.php","meta":{"_acf_changed":false,"footnotes":""},"class_list":["post-2611","page","type-page","status-publish","hentry"],"acf":[],"yoast_head":"<!-- This site is optimized with the Yoast SEO plugin v23.9 - https:\/\/yoast.com\/wordpress\/plugins\/seo\/ -->\n<title>AmstedMaxion - AmstedMaxion<\/title>\n<meta name=\"robots\" content=\"index, follow, max-snippet:-1, max-image-preview:large, max-video-preview:-1\" \/>\n<link rel=\"canonical\" href=\"https:\/\/www.amstedmaxion.com.br\/quem-somos\/a-amstedmaxion\/\" \/>\n<meta property=\"og:locale\" content=\"en_US\" \/>\n<meta property=\"og:type\" content=\"article\" \/>\n<meta property=\"og:title\" content=\"AmstedMaxion - AmstedMaxion\" \/>\n<meta property=\"og:description\" content=\"OUR UNIVERSE IS DRIVEN BY THE RAILWAY. With more than 70 years of activities, is the leading Latin American reference in the development and manufacture of steel wheels, casting components for bogies and draft gear systems, such as draft sill, E and F type coupler, fixed and rotary yokes, connection rods, followers, collars, wheel mirrors, [&hellip;]\" \/>\n<meta property=\"og:url\" content=\"https:\/\/www.amstedmaxion.com.br\/quem-somos\/a-amstedmaxion\/\" \/>\n<meta property=\"og:site_name\" content=\"AmstedMaxion\" \/>\n<meta property=\"article:publisher\" content=\"https:\/\/www.facebook.com\/AmstedMaxion.Oficial\" \/>\n<meta property=\"article:modified_time\" content=\"2019-02-15T14:21:33+00:00\" \/>\n<meta name=\"twitter:card\" content=\"summary_large_image\" \/>\n<meta name=\"twitter:label1\" content=\"Est. reading time\" \/>\n\t<meta name=\"twitter:data1\" content=\"1 minute\" \/>\n<script type=\"application\/ld+json\" class=\"yoast-schema-graph\">{\"@context\":\"https:\/\/schema.org\",\"@graph\":[{\"@type\":\"WebPage\",\"@id\":\"https:\/\/www.amstedmaxion.com.br\/quem-somos\/a-amstedmaxion\/\",\"url\":\"https:\/\/www.amstedmaxion.com.br\/quem-somos\/a-amstedmaxion\/\",\"name\":\"AmstedMaxion - AmstedMaxion\",\"isPartOf\":{\"@id\":\"https:\/\/www.amstedmaxion.com.br\/#website\"},\"datePublished\":\"2017-12-20T13:24:05+00:00\",\"dateModified\":\"2019-02-15T14:21:33+00:00\",\"breadcrumb\":{\"@id\":\"https:\/\/www.amstedmaxion.com.br\/quem-somos\/a-amstedmaxion\/#breadcrumb\"},\"inLanguage\":\"en-US\",\"potentialAction\":[{\"@type\":\"ReadAction\",\"target\":[\"https:\/\/www.amstedmaxion.com.br\/quem-somos\/a-amstedmaxion\/\"]}]},{\"@type\":\"BreadcrumbList\",\"@id\":\"https:\/\/www.amstedmaxion.com.br\/quem-somos\/a-amstedmaxion\/#breadcrumb\",\"itemListElement\":[{\"@type\":\"ListItem\",\"position\":1,\"name\":\"In\u00edcio\",\"item\":\"https:\/\/www.amstedmaxion.com.br\/\"},{\"@type\":\"ListItem\",\"position\":2,\"name\":\"About Us\",\"item\":\"https:\/\/www.amstedmaxion.com.br\/en\/about-us\/\"},{\"@type\":\"ListItem\",\"position\":3,\"name\":\"AmstedMaxion\"}]},{\"@type\":\"WebSite\",\"@id\":\"https:\/\/www.amstedmaxion.com.br\/#website\",\"url\":\"https:\/\/www.amstedmaxion.com.br\/\",\"name\":\"AmstedMaxion\",\"description\":\"AmstedMaxion - Fundi\u00e7\u00e3o e Equipamentos Ferrovi\u00e1rios\",\"publisher\":{\"@id\":\"https:\/\/www.amstedmaxion.com.br\/#organization\"},\"alternateName\":\"AmstedMaxion\",\"potentialAction\":[{\"@type\":\"SearchAction\",\"target\":{\"@type\":\"EntryPoint\",\"urlTemplate\":\"https:\/\/www.amstedmaxion.com.br\/?s={search_term_string}\"},\"query-input\":{\"@type\":\"PropertyValueSpecification\",\"valueRequired\":true,\"valueName\":\"search_term_string\"}}],\"inLanguage\":\"en-US\"},{\"@type\":\"Organization\",\"@id\":\"https:\/\/www.amstedmaxion.com.br\/#organization\",\"name\":\"AMSTEDMAXION\",\"url\":\"https:\/\/www.amstedmaxion.com.br\/\",\"logo\":{\"@type\":\"ImageObject\",\"inLanguage\":\"en-US\",\"@id\":\"https:\/\/www.amstedmaxion.com.br\/#\/schema\/logo\/image\/\",\"url\":\"https:\/\/www.amstedmaxion.com.br\/wp-content\/uploads\/2023\/11\/amsted.png\",\"contentUrl\":\"https:\/\/www.amstedmaxion.com.br\/wp-content\/uploads\/2023\/11\/amsted.png\",\"width\":500,\"height\":500,\"caption\":\"AMSTEDMAXION\"},\"image\":{\"@id\":\"https:\/\/www.amstedmaxion.com.br\/#\/schema\/logo\/image\/\"},\"sameAs\":[\"https:\/\/www.facebook.com\/AmstedMaxion.Oficial\",\"https:\/\/br.linkedin.com\/company\/amstedmaxion\"]}]}<\/script>\n<!-- \/ Yoast SEO plugin. -->","yoast_head_json":{"title":"AmstedMaxion - AmstedMaxion","robots":{"index":"index","follow":"follow","max-snippet":"max-snippet:-1","max-image-preview":"max-image-preview:large","max-video-preview":"max-video-preview:-1"},"canonical":"https:\/\/www.amstedmaxion.com.br\/quem-somos\/a-amstedmaxion\/","og_locale":"en_US","og_type":"article","og_title":"AmstedMaxion - AmstedMaxion","og_description":"OUR UNIVERSE IS DRIVEN BY THE RAILWAY. With more than 70 years of activities, is the leading Latin American reference in the development and manufacture of steel wheels, casting components for bogies and draft gear systems, such as draft sill, E and F type coupler, fixed and rotary yokes, connection rods, followers, collars, wheel mirrors, [&hellip;]","og_url":"https:\/\/www.amstedmaxion.com.br\/quem-somos\/a-amstedmaxion\/","og_site_name":"AmstedMaxion","article_publisher":"https:\/\/www.facebook.com\/AmstedMaxion.Oficial","article_modified_time":"2019-02-15T14:21:33+00:00","twitter_card":"summary_large_image","twitter_misc":{"Est. reading time":"1 minute"},"schema":{"@context":"https:\/\/schema.org","@graph":[{"@type":"WebPage","@id":"https:\/\/www.amstedmaxion.com.br\/quem-somos\/a-amstedmaxion\/","url":"https:\/\/www.amstedmaxion.com.br\/quem-somos\/a-amstedmaxion\/","name":"AmstedMaxion - AmstedMaxion","isPartOf":{"@id":"https:\/\/www.amstedmaxion.com.br\/#website"},"datePublished":"2017-12-20T13:24:05+00:00","dateModified":"2019-02-15T14:21:33+00:00","breadcrumb":{"@id":"https:\/\/www.amstedmaxion.com.br\/quem-somos\/a-amstedmaxion\/#breadcrumb"},"inLanguage":"en-US","potentialAction":[{"@type":"ReadAction","target":["https:\/\/www.amstedmaxion.com.br\/quem-somos\/a-amstedmaxion\/"]}]},{"@type":"BreadcrumbList","@id":"https:\/\/www.amstedmaxion.com.br\/quem-somos\/a-amstedmaxion\/#breadcrumb","itemListElement":[{"@type":"ListItem","position":1,"name":"In\u00edcio","item":"https:\/\/www.amstedmaxion.com.br\/"},{"@type":"ListItem","position":2,"name":"About Us","item":"https:\/\/www.amstedmaxion.com.br\/en\/about-us\/"},{"@type":"ListItem","position":3,"name":"AmstedMaxion"}]},{"@type":"WebSite","@id":"https:\/\/www.amstedmaxion.com.br\/#website","url":"https:\/\/www.amstedmaxion.com.br\/","name":"AmstedMaxion","description":"AmstedMaxion - Fundi\u00e7\u00e3o e Equipamentos Ferrovi\u00e1rios","publisher":{"@id":"https:\/\/www.amstedmaxion.com.br\/#organization"},"alternateName":"AmstedMaxion","potentialAction":[{"@type":"SearchAction","target":{"@type":"EntryPoint","urlTemplate":"https:\/\/www.amstedmaxion.com.br\/?s={search_term_string}"},"query-input":{"@type":"PropertyValueSpecification","valueRequired":true,"valueName":"search_term_string"}}],"inLanguage":"en-US"},{"@type":"Organization","@id":"https:\/\/www.amstedmaxion.com.br\/#organization","name":"AMSTEDMAXION","url":"https:\/\/www.amstedmaxion.com.br\/","logo":{"@type":"ImageObject","inLanguage":"en-US","@id":"https:\/\/www.amstedmaxion.com.br\/#\/schema\/logo\/image\/","url":"https:\/\/www.amstedmaxion.com.br\/wp-content\/uploads\/2023\/11\/amsted.png","contentUrl":"https:\/\/www.amstedmaxion.com.br\/wp-content\/uploads\/2023\/11\/amsted.png","width":500,"height":500,"caption":"AMSTEDMAXION"},"image":{"@id":"https:\/\/www.amstedmaxion.com.br\/#\/schema\/logo\/image\/"},"sameAs":["https:\/\/www.facebook.com\/AmstedMaxion.Oficial","https:\/\/br.linkedin.com\/company\/amstedmaxion"]}]}},"_links":{"self":[{"href":"https:\/\/www.amstedmaxion.com.br\/en\/wp-json\/wp\/v2\/pages\/2611","targetHints":{"allow":["GET"]}}],"collection":[{"href":"https:\/\/www.amstedmaxion.com.br\/en\/wp-json\/wp\/v2\/pages"}],"about":[{"href":"https:\/\/www.amstedmaxion.com.br\/en\/wp-json\/wp\/v2\/types\/page"}],"author":[{"embeddable":true,"href":"https:\/\/www.amstedmaxion.com.br\/en\/wp-json\/wp\/v2\/users\/1"}],"replies":[{"embeddable":true,"href":"https:\/\/www.amstedmaxion.com.br\/en\/wp-json\/wp\/v2\/comments?post=2611"}],"version-history":[{"count":6,"href":"https:\/\/www.amstedmaxion.com.br\/en\/wp-json\/wp\/v2\/pages\/2611\/revisions"}],"predecessor-version":[{"id":5231,"href":"https:\/\/www.amstedmaxion.com.br\/en\/wp-json\/wp\/v2\/pages\/2611\/revisions\/5231"}],"up":[{"embeddable":true,"href":"https:\/\/www.amstedmaxion.com.br\/en\/wp-json\/wp\/v2\/pages\/664"}],"wp:attachment":[{"href":"https:\/\/www.amstedmaxion.com.br\/en\/wp-json\/wp\/v2\/media?parent=2611"}],"curies":[{"name":"wp","href":"https:\/\/api.w.org\/{rel}","templated":true}]}}