{"id":3821,"date":"2018-04-05T15:16:16","date_gmt":"2018-04-05T18:16:16","guid":{"rendered":"http:\/\/189.16.185.54\/about-us\/planta-industrial-amstedmaxion\/"},"modified":"2019-03-14T10:15:40","modified_gmt":"2019-03-14T13:15:40","slug":"planta-industrial-amstedmaxion","status":"publish","type":"page","link":"https:\/\/www.amstedmaxion.com.br\/en\/about-us\/planta-industrial-amstedmaxion\/","title":{"rendered":"AmstedMaxion Industrial Plant"},"content":{"rendered":"<p>AmstedMaxion&#8217;s first unit, inaugurated in the 1940s, was the National Freight Car Factory (FNV). It becomes the pioneer industry in the railway transport sector in Brazil. It is installed in a total area of 200 thousand square meters, of which 40 thousand are constructed area.<\/p>\n<p><strong>Products: <\/strong>steel cast parts<br \/>\n<strong>Address: <\/strong> Dr. Othon Barcellos St., 77 &#8211; Centro &#8211; Cruzeiro \u2013 SP &#8211; Zip Code: 12730-010<br \/>\n<strong>Phone No.:<\/strong>(55 12) 2122-8400 \/ <strong>Fax:<\/strong> (55 12) 2122-8651<\/p>\n<p><iframe loading=\"lazy\" style=\"border: 0;\" src=\"https:\/\/www.google.com\/maps\/embed?pb=!1m14!1m8!1m3!1d29470.507705029206!2d-44.955111!3d-22.586079!3m2!1i1024!2i768!4f13.1!3m3!1m2!1s0x0%3A0x9a195d0e5089e788!2sAmstedMaxion+Fundi%C3%A7%C3%A3o+e+Equipamentos+Ferrovi%C3%A1rios!5e0!3m2!1spt-BR!2sus!4v1508263977407\" width=\"100%\" height=\"450\" frameborder=\"0\" allowfullscreen=\"allowfullscreen\" data-mce-fragment=\"1\"><\/iframe><\/p>\n","protected":false},"excerpt":{"rendered":"<p>AmstedMaxion&#8217;s first unit, inaugurated in the 1940s, was the National Freight Car Factory (FNV). It becomes the pioneer industry in the railway transport sector in Brazil. It is installed in a total area of 200 thousand square meters, of which 40 thousand are constructed area. Products: steel cast parts Address: Dr. Othon Barcellos St., 77 [&hellip;]<\/p>\n","protected":false},"author":6,"featured_media":0,"parent":664,"menu_order":3,"comment_status":"closed","ping_status":"closed","template":"","meta":{"_acf_changed":false,"footnotes":""},"class_list":["post-3821","page","type-page","status-publish","hentry"],"acf":[],"yoast_head":"<!-- This site is optimized with the Yoast SEO plugin v23.9 - https:\/\/yoast.com\/wordpress\/plugins\/seo\/ -->\n<title>AmstedMaxion Industrial Plant - AmstedMaxion<\/title>\n<meta name=\"robots\" content=\"index, follow, max-snippet:-1, max-image-preview:large, max-video-preview:-1\" \/>\n<link rel=\"canonical\" href=\"https:\/\/www.amstedmaxion.com.br\/en\/about-us\/planta-industrial-amstedmaxion\/\" \/>\n<meta property=\"og:locale\" content=\"en_US\" \/>\n<meta property=\"og:type\" content=\"article\" \/>\n<meta property=\"og:title\" content=\"AmstedMaxion Industrial Plant - AmstedMaxion\" \/>\n<meta property=\"og:description\" content=\"AmstedMaxion&#8217;s first unit, inaugurated in the 1940s, was the National Freight Car Factory (FNV). It becomes the pioneer industry in the railway transport sector in Brazil. It is installed in a total area of 200 thousand square meters, of which 40 thousand are constructed area. Products: steel cast parts Address: Dr. Othon Barcellos St., 77 [&hellip;]\" \/>\n<meta property=\"og:url\" content=\"https:\/\/www.amstedmaxion.com.br\/en\/about-us\/planta-industrial-amstedmaxion\/\" \/>\n<meta property=\"og:site_name\" content=\"AmstedMaxion\" \/>\n<meta property=\"article:publisher\" content=\"https:\/\/www.facebook.com\/AmstedMaxion.Oficial\" \/>\n<meta property=\"article:modified_time\" content=\"2019-03-14T13:15:40+00:00\" \/>\n<meta name=\"twitter:card\" content=\"summary_large_image\" \/>\n<script type=\"application\/ld+json\" class=\"yoast-schema-graph\">{\"@context\":\"https:\/\/schema.org\",\"@graph\":[{\"@type\":\"WebPage\",\"@id\":\"https:\/\/www.amstedmaxion.com.br\/en\/about-us\/planta-industrial-amstedmaxion\/\",\"url\":\"https:\/\/www.amstedmaxion.com.br\/en\/about-us\/planta-industrial-amstedmaxion\/\",\"name\":\"AmstedMaxion Industrial Plant - AmstedMaxion\",\"isPartOf\":{\"@id\":\"https:\/\/www.amstedmaxion.com.br\/#website\"},\"datePublished\":\"2018-04-05T18:16:16+00:00\",\"dateModified\":\"2019-03-14T13:15:40+00:00\",\"breadcrumb\":{\"@id\":\"https:\/\/www.amstedmaxion.com.br\/en\/about-us\/planta-industrial-amstedmaxion\/#breadcrumb\"},\"inLanguage\":\"en-US\",\"potentialAction\":[{\"@type\":\"ReadAction\",\"target\":[\"https:\/\/www.amstedmaxion.com.br\/en\/about-us\/planta-industrial-amstedmaxion\/\"]}]},{\"@type\":\"BreadcrumbList\",\"@id\":\"https:\/\/www.amstedmaxion.com.br\/en\/about-us\/planta-industrial-amstedmaxion\/#breadcrumb\",\"itemListElement\":[{\"@type\":\"ListItem\",\"position\":1,\"name\":\"In\u00edcio\",\"item\":\"https:\/\/www.amstedmaxion.com.br\/\"},{\"@type\":\"ListItem\",\"position\":2,\"name\":\"About Us\",\"item\":\"https:\/\/www.amstedmaxion.com.br\/en\/about-us\/\"},{\"@type\":\"ListItem\",\"position\":3,\"name\":\"AmstedMaxion Industrial Plant\"}]},{\"@type\":\"WebSite\",\"@id\":\"https:\/\/www.amstedmaxion.com.br\/#website\",\"url\":\"https:\/\/www.amstedmaxion.com.br\/\",\"name\":\"AmstedMaxion\",\"description\":\"AmstedMaxion - Fundi\u00e7\u00e3o e Equipamentos Ferrovi\u00e1rios\",\"publisher\":{\"@id\":\"https:\/\/www.amstedmaxion.com.br\/#organization\"},\"alternateName\":\"AmstedMaxion\",\"potentialAction\":[{\"@type\":\"SearchAction\",\"target\":{\"@type\":\"EntryPoint\",\"urlTemplate\":\"https:\/\/www.amstedmaxion.com.br\/?s={search_term_string}\"},\"query-input\":{\"@type\":\"PropertyValueSpecification\",\"valueRequired\":true,\"valueName\":\"search_term_string\"}}],\"inLanguage\":\"en-US\"},{\"@type\":\"Organization\",\"@id\":\"https:\/\/www.amstedmaxion.com.br\/#organization\",\"name\":\"AMSTEDMAXION\",\"url\":\"https:\/\/www.amstedmaxion.com.br\/\",\"logo\":{\"@type\":\"ImageObject\",\"inLanguage\":\"en-US\",\"@id\":\"https:\/\/www.amstedmaxion.com.br\/#\/schema\/logo\/image\/\",\"url\":\"https:\/\/www.amstedmaxion.com.br\/wp-content\/uploads\/2023\/11\/amsted.png\",\"contentUrl\":\"https:\/\/www.amstedmaxion.com.br\/wp-content\/uploads\/2023\/11\/amsted.png\",\"width\":500,\"height\":500,\"caption\":\"AMSTEDMAXION\"},\"image\":{\"@id\":\"https:\/\/www.amstedmaxion.com.br\/#\/schema\/logo\/image\/\"},\"sameAs\":[\"https:\/\/www.facebook.com\/AmstedMaxion.Oficial\",\"https:\/\/br.linkedin.com\/company\/amstedmaxion\"]}]}<\/script>\n<!-- \/ Yoast SEO plugin. -->","yoast_head_json":{"title":"AmstedMaxion Industrial Plant - AmstedMaxion","robots":{"index":"index","follow":"follow","max-snippet":"max-snippet:-1","max-image-preview":"max-image-preview:large","max-video-preview":"max-video-preview:-1"},"canonical":"https:\/\/www.amstedmaxion.com.br\/en\/about-us\/planta-industrial-amstedmaxion\/","og_locale":"en_US","og_type":"article","og_title":"AmstedMaxion Industrial Plant - AmstedMaxion","og_description":"AmstedMaxion&#8217;s first unit, inaugurated in the 1940s, was the National Freight Car Factory (FNV). It becomes the pioneer industry in the railway transport sector in Brazil. It is installed in a total area of 200 thousand square meters, of which 40 thousand are constructed area. Products: steel cast parts Address: Dr. Othon Barcellos St., 77 [&hellip;]","og_url":"https:\/\/www.amstedmaxion.com.br\/en\/about-us\/planta-industrial-amstedmaxion\/","og_site_name":"AmstedMaxion","article_publisher":"https:\/\/www.facebook.com\/AmstedMaxion.Oficial","article_modified_time":"2019-03-14T13:15:40+00:00","twitter_card":"summary_large_image","schema":{"@context":"https:\/\/schema.org","@graph":[{"@type":"WebPage","@id":"https:\/\/www.amstedmaxion.com.br\/en\/about-us\/planta-industrial-amstedmaxion\/","url":"https:\/\/www.amstedmaxion.com.br\/en\/about-us\/planta-industrial-amstedmaxion\/","name":"AmstedMaxion Industrial Plant - AmstedMaxion","isPartOf":{"@id":"https:\/\/www.amstedmaxion.com.br\/#website"},"datePublished":"2018-04-05T18:16:16+00:00","dateModified":"2019-03-14T13:15:40+00:00","breadcrumb":{"@id":"https:\/\/www.amstedmaxion.com.br\/en\/about-us\/planta-industrial-amstedmaxion\/#breadcrumb"},"inLanguage":"en-US","potentialAction":[{"@type":"ReadAction","target":["https:\/\/www.amstedmaxion.com.br\/en\/about-us\/planta-industrial-amstedmaxion\/"]}]},{"@type":"BreadcrumbList","@id":"https:\/\/www.amstedmaxion.com.br\/en\/about-us\/planta-industrial-amstedmaxion\/#breadcrumb","itemListElement":[{"@type":"ListItem","position":1,"name":"In\u00edcio","item":"https:\/\/www.amstedmaxion.com.br\/"},{"@type":"ListItem","position":2,"name":"About Us","item":"https:\/\/www.amstedmaxion.com.br\/en\/about-us\/"},{"@type":"ListItem","position":3,"name":"AmstedMaxion Industrial Plant"}]},{"@type":"WebSite","@id":"https:\/\/www.amstedmaxion.com.br\/#website","url":"https:\/\/www.amstedmaxion.com.br\/","name":"AmstedMaxion","description":"AmstedMaxion - Fundi\u00e7\u00e3o e Equipamentos Ferrovi\u00e1rios","publisher":{"@id":"https:\/\/www.amstedmaxion.com.br\/#organization"},"alternateName":"AmstedMaxion","potentialAction":[{"@type":"SearchAction","target":{"@type":"EntryPoint","urlTemplate":"https:\/\/www.amstedmaxion.com.br\/?s={search_term_string}"},"query-input":{"@type":"PropertyValueSpecification","valueRequired":true,"valueName":"search_term_string"}}],"inLanguage":"en-US"},{"@type":"Organization","@id":"https:\/\/www.amstedmaxion.com.br\/#organization","name":"AMSTEDMAXION","url":"https:\/\/www.amstedmaxion.com.br\/","logo":{"@type":"ImageObject","inLanguage":"en-US","@id":"https:\/\/www.amstedmaxion.com.br\/#\/schema\/logo\/image\/","url":"https:\/\/www.amstedmaxion.com.br\/wp-content\/uploads\/2023\/11\/amsted.png","contentUrl":"https:\/\/www.amstedmaxion.com.br\/wp-content\/uploads\/2023\/11\/amsted.png","width":500,"height":500,"caption":"AMSTEDMAXION"},"image":{"@id":"https:\/\/www.amstedmaxion.com.br\/#\/schema\/logo\/image\/"},"sameAs":["https:\/\/www.facebook.com\/AmstedMaxion.Oficial","https:\/\/br.linkedin.com\/company\/amstedmaxion"]}]}},"_links":{"self":[{"href":"https:\/\/www.amstedmaxion.com.br\/en\/wp-json\/wp\/v2\/pages\/3821","targetHints":{"allow":["GET"]}}],"collection":[{"href":"https:\/\/www.amstedmaxion.com.br\/en\/wp-json\/wp\/v2\/pages"}],"about":[{"href":"https:\/\/www.amstedmaxion.com.br\/en\/wp-json\/wp\/v2\/types\/page"}],"author":[{"embeddable":true,"href":"https:\/\/www.amstedmaxion.com.br\/en\/wp-json\/wp\/v2\/users\/6"}],"replies":[{"embeddable":true,"href":"https:\/\/www.amstedmaxion.com.br\/en\/wp-json\/wp\/v2\/comments?post=3821"}],"version-history":[{"count":8,"href":"https:\/\/www.amstedmaxion.com.br\/en\/wp-json\/wp\/v2\/pages\/3821\/revisions"}],"predecessor-version":[{"id":5847,"href":"https:\/\/www.amstedmaxion.com.br\/en\/wp-json\/wp\/v2\/pages\/3821\/revisions\/5847"}],"up":[{"embeddable":true,"href":"https:\/\/www.amstedmaxion.com.br\/en\/wp-json\/wp\/v2\/pages\/664"}],"wp:attachment":[{"href":"https:\/\/www.amstedmaxion.com.br\/en\/wp-json\/wp\/v2\/media?parent=3821"}],"curies":[{"name":"wp","href":"https:\/\/api.w.org\/{rel}","templated":true}]}}