{"id":660,"date":"2017-09-25T18:05:54","date_gmt":"2017-09-25T21:05:54","guid":{"rendered":"http:\/\/http:\/\/189.16.185.54\/?page_id=660"},"modified":"2019-02-19T11:43:13","modified_gmt":"2019-02-19T14:43:13","slug":"assessoria-de-imprensa","status":"publish","type":"page","link":"https:\/\/www.amstedmaxion.com.br\/en\/assessoria-de-imprensa\/","title":{"rendered":"Press room"},"content":{"rendered":"<div class=\"col-md-6\">\n<p>To obtain more information, contact our Public Relations:<\/p>\n<h4><strong>Rosane Storto<\/strong><br \/>\nStorto Comunica\u00e7\u00e3o<\/h4>\n<p>\n<i class=\"fa fa-phone\" aria-hidden=\"true\"><\/i> Tel.: (12) 2122-8232<\/p>\n<hr \/>\n<p><i class=\"fa fa-fax\" aria-hidden=\"true\"><\/i> Fax: (12) 2122-8651<\/p>\n<hr \/>\n<p><i class=\"fa fa-mobile\" aria-hidden=\"true\"><\/i> Cel: (12) 99163 4546<\/p>\n<hr \/>\n<p><i class=\"fa fa-envelope-o\" aria-hidden=\"true\"><\/i> E-mail: <a href=\"mailto:imprensa@gbmx.com.br\">imprensa@gbmx.com.br<\/a><\/p>\n<hr \/>\n<\/div>\n<div class=\"col-md-6\"><img loading=\"lazy\" decoding=\"async\" class=\"alignnone wp-image-1547\" src=\"http:\/\/www.amstedmaxion.com.br\/wp-content\/uploads\/2019\/01\/Sala_de_impressa2-768x519.png\" alt=\"\" width=\"591\" height=\"400\" \/><\/div>\n","protected":false},"excerpt":{"rendered":"<p>To obtain more information, contact our Public Relations: Rosane Storto Storto Comunica\u00e7\u00e3o Tel.: (12) 2122-8232 Fax: (12) 2122-8651 Cel: (12) 99163 4546 E-mail: imprensa@gbmx.com.br<\/p>\n","protected":false},"author":1,"featured_media":0,"parent":0,"menu_order":0,"comment_status":"closed","ping_status":"closed","template":"page-sala-de-imprensa.php","meta":{"_acf_changed":false,"footnotes":""},"class_list":["post-660","page","type-page","status-publish","hentry"],"acf":[],"yoast_head":"<!-- This site is optimized with the Yoast SEO plugin v23.9 - https:\/\/yoast.com\/wordpress\/plugins\/seo\/ -->\n<title>Press room - AmstedMaxion<\/title>\n<meta name=\"robots\" content=\"index, follow, max-snippet:-1, max-image-preview:large, max-video-preview:-1\" \/>\n<link rel=\"canonical\" href=\"https:\/\/www.amstedmaxion.com.br\/assessoria-de-imprensa\/\" \/>\n<meta property=\"og:locale\" content=\"en_US\" \/>\n<meta property=\"og:type\" content=\"article\" \/>\n<meta property=\"og:title\" content=\"Press room - AmstedMaxion\" \/>\n<meta property=\"og:description\" content=\"To obtain more information, contact our Public Relations: Rosane Storto Storto Comunica\u00e7\u00e3o Tel.: (12) 2122-8232 Fax: (12) 2122-8651 Cel: (12) 99163 4546 E-mail: imprensa@gbmx.com.br\" \/>\n<meta property=\"og:url\" content=\"https:\/\/www.amstedmaxion.com.br\/assessoria-de-imprensa\/\" \/>\n<meta property=\"og:site_name\" content=\"AmstedMaxion\" \/>\n<meta property=\"article:publisher\" content=\"https:\/\/www.facebook.com\/AmstedMaxion.Oficial\" \/>\n<meta property=\"article:modified_time\" content=\"2019-02-19T14:43:13+00:00\" \/>\n<meta property=\"og:image\" content=\"http:\/\/www.amstedmaxion.com.br\/wp-content\/uploads\/2019\/01\/Sala_de_impressa2-768x519.png\" \/>\n<meta name=\"twitter:card\" content=\"summary_large_image\" \/>\n<script type=\"application\/ld+json\" class=\"yoast-schema-graph\">{\"@context\":\"https:\/\/schema.org\",\"@graph\":[{\"@type\":\"WebPage\",\"@id\":\"https:\/\/www.amstedmaxion.com.br\/assessoria-de-imprensa\/\",\"url\":\"https:\/\/www.amstedmaxion.com.br\/assessoria-de-imprensa\/\",\"name\":\"Press room - AmstedMaxion\",\"isPartOf\":{\"@id\":\"https:\/\/www.amstedmaxion.com.br\/#website\"},\"primaryImageOfPage\":{\"@id\":\"https:\/\/www.amstedmaxion.com.br\/assessoria-de-imprensa\/#primaryimage\"},\"image\":{\"@id\":\"https:\/\/www.amstedmaxion.com.br\/assessoria-de-imprensa\/#primaryimage\"},\"thumbnailUrl\":\"http:\/\/www.amstedmaxion.com.br\/wp-content\/uploads\/2019\/01\/Sala_de_impressa2-768x519.png\",\"datePublished\":\"2017-09-25T21:05:54+00:00\",\"dateModified\":\"2019-02-19T14:43:13+00:00\",\"breadcrumb\":{\"@id\":\"https:\/\/www.amstedmaxion.com.br\/assessoria-de-imprensa\/#breadcrumb\"},\"inLanguage\":\"en-US\",\"potentialAction\":[{\"@type\":\"ReadAction\",\"target\":[\"https:\/\/www.amstedmaxion.com.br\/assessoria-de-imprensa\/\"]}]},{\"@type\":\"ImageObject\",\"inLanguage\":\"en-US\",\"@id\":\"https:\/\/www.amstedmaxion.com.br\/assessoria-de-imprensa\/#primaryimage\",\"url\":\"http:\/\/www.amstedmaxion.com.br\/wp-content\/uploads\/2019\/01\/Sala_de_impressa2-768x519.png\",\"contentUrl\":\"http:\/\/www.amstedmaxion.com.br\/wp-content\/uploads\/2019\/01\/Sala_de_impressa2-768x519.png\"},{\"@type\":\"BreadcrumbList\",\"@id\":\"https:\/\/www.amstedmaxion.com.br\/assessoria-de-imprensa\/#breadcrumb\",\"itemListElement\":[{\"@type\":\"ListItem\",\"position\":1,\"name\":\"In\u00edcio\",\"item\":\"https:\/\/www.amstedmaxion.com.br\/\"},{\"@type\":\"ListItem\",\"position\":2,\"name\":\"Press room\"}]},{\"@type\":\"WebSite\",\"@id\":\"https:\/\/www.amstedmaxion.com.br\/#website\",\"url\":\"https:\/\/www.amstedmaxion.com.br\/\",\"name\":\"AmstedMaxion\",\"description\":\"AmstedMaxion - Fundi\u00e7\u00e3o e Equipamentos Ferrovi\u00e1rios\",\"publisher\":{\"@id\":\"https:\/\/www.amstedmaxion.com.br\/#organization\"},\"alternateName\":\"AmstedMaxion\",\"potentialAction\":[{\"@type\":\"SearchAction\",\"target\":{\"@type\":\"EntryPoint\",\"urlTemplate\":\"https:\/\/www.amstedmaxion.com.br\/?s={search_term_string}\"},\"query-input\":{\"@type\":\"PropertyValueSpecification\",\"valueRequired\":true,\"valueName\":\"search_term_string\"}}],\"inLanguage\":\"en-US\"},{\"@type\":\"Organization\",\"@id\":\"https:\/\/www.amstedmaxion.com.br\/#organization\",\"name\":\"AMSTEDMAXION\",\"url\":\"https:\/\/www.amstedmaxion.com.br\/\",\"logo\":{\"@type\":\"ImageObject\",\"inLanguage\":\"en-US\",\"@id\":\"https:\/\/www.amstedmaxion.com.br\/#\/schema\/logo\/image\/\",\"url\":\"https:\/\/www.amstedmaxion.com.br\/wp-content\/uploads\/2023\/11\/amsted.png\",\"contentUrl\":\"https:\/\/www.amstedmaxion.com.br\/wp-content\/uploads\/2023\/11\/amsted.png\",\"width\":500,\"height\":500,\"caption\":\"AMSTEDMAXION\"},\"image\":{\"@id\":\"https:\/\/www.amstedmaxion.com.br\/#\/schema\/logo\/image\/\"},\"sameAs\":[\"https:\/\/www.facebook.com\/AmstedMaxion.Oficial\",\"https:\/\/br.linkedin.com\/company\/amstedmaxion\"]}]}<\/script>\n<!-- \/ Yoast SEO plugin. -->","yoast_head_json":{"title":"Press room - AmstedMaxion","robots":{"index":"index","follow":"follow","max-snippet":"max-snippet:-1","max-image-preview":"max-image-preview:large","max-video-preview":"max-video-preview:-1"},"canonical":"https:\/\/www.amstedmaxion.com.br\/assessoria-de-imprensa\/","og_locale":"en_US","og_type":"article","og_title":"Press room - AmstedMaxion","og_description":"To obtain more information, contact our Public Relations: Rosane Storto Storto Comunica\u00e7\u00e3o Tel.: (12) 2122-8232 Fax: (12) 2122-8651 Cel: (12) 99163 4546 E-mail: imprensa@gbmx.com.br","og_url":"https:\/\/www.amstedmaxion.com.br\/assessoria-de-imprensa\/","og_site_name":"AmstedMaxion","article_publisher":"https:\/\/www.facebook.com\/AmstedMaxion.Oficial","article_modified_time":"2019-02-19T14:43:13+00:00","og_image":[{"url":"http:\/\/www.amstedmaxion.com.br\/wp-content\/uploads\/2019\/01\/Sala_de_impressa2-768x519.png"}],"twitter_card":"summary_large_image","schema":{"@context":"https:\/\/schema.org","@graph":[{"@type":"WebPage","@id":"https:\/\/www.amstedmaxion.com.br\/assessoria-de-imprensa\/","url":"https:\/\/www.amstedmaxion.com.br\/assessoria-de-imprensa\/","name":"Press room - AmstedMaxion","isPartOf":{"@id":"https:\/\/www.amstedmaxion.com.br\/#website"},"primaryImageOfPage":{"@id":"https:\/\/www.amstedmaxion.com.br\/assessoria-de-imprensa\/#primaryimage"},"image":{"@id":"https:\/\/www.amstedmaxion.com.br\/assessoria-de-imprensa\/#primaryimage"},"thumbnailUrl":"http:\/\/www.amstedmaxion.com.br\/wp-content\/uploads\/2019\/01\/Sala_de_impressa2-768x519.png","datePublished":"2017-09-25T21:05:54+00:00","dateModified":"2019-02-19T14:43:13+00:00","breadcrumb":{"@id":"https:\/\/www.amstedmaxion.com.br\/assessoria-de-imprensa\/#breadcrumb"},"inLanguage":"en-US","potentialAction":[{"@type":"ReadAction","target":["https:\/\/www.amstedmaxion.com.br\/assessoria-de-imprensa\/"]}]},{"@type":"ImageObject","inLanguage":"en-US","@id":"https:\/\/www.amstedmaxion.com.br\/assessoria-de-imprensa\/#primaryimage","url":"http:\/\/www.amstedmaxion.com.br\/wp-content\/uploads\/2019\/01\/Sala_de_impressa2-768x519.png","contentUrl":"http:\/\/www.amstedmaxion.com.br\/wp-content\/uploads\/2019\/01\/Sala_de_impressa2-768x519.png"},{"@type":"BreadcrumbList","@id":"https:\/\/www.amstedmaxion.com.br\/assessoria-de-imprensa\/#breadcrumb","itemListElement":[{"@type":"ListItem","position":1,"name":"In\u00edcio","item":"https:\/\/www.amstedmaxion.com.br\/"},{"@type":"ListItem","position":2,"name":"Press room"}]},{"@type":"WebSite","@id":"https:\/\/www.amstedmaxion.com.br\/#website","url":"https:\/\/www.amstedmaxion.com.br\/","name":"AmstedMaxion","description":"AmstedMaxion - Fundi\u00e7\u00e3o e Equipamentos Ferrovi\u00e1rios","publisher":{"@id":"https:\/\/www.amstedmaxion.com.br\/#organization"},"alternateName":"AmstedMaxion","potentialAction":[{"@type":"SearchAction","target":{"@type":"EntryPoint","urlTemplate":"https:\/\/www.amstedmaxion.com.br\/?s={search_term_string}"},"query-input":{"@type":"PropertyValueSpecification","valueRequired":true,"valueName":"search_term_string"}}],"inLanguage":"en-US"},{"@type":"Organization","@id":"https:\/\/www.amstedmaxion.com.br\/#organization","name":"AMSTEDMAXION","url":"https:\/\/www.amstedmaxion.com.br\/","logo":{"@type":"ImageObject","inLanguage":"en-US","@id":"https:\/\/www.amstedmaxion.com.br\/#\/schema\/logo\/image\/","url":"https:\/\/www.amstedmaxion.com.br\/wp-content\/uploads\/2023\/11\/amsted.png","contentUrl":"https:\/\/www.amstedmaxion.com.br\/wp-content\/uploads\/2023\/11\/amsted.png","width":500,"height":500,"caption":"AMSTEDMAXION"},"image":{"@id":"https:\/\/www.amstedmaxion.com.br\/#\/schema\/logo\/image\/"},"sameAs":["https:\/\/www.facebook.com\/AmstedMaxion.Oficial","https:\/\/br.linkedin.com\/company\/amstedmaxion"]}]}},"_links":{"self":[{"href":"https:\/\/www.amstedmaxion.com.br\/en\/wp-json\/wp\/v2\/pages\/660","targetHints":{"allow":["GET"]}}],"collection":[{"href":"https:\/\/www.amstedmaxion.com.br\/en\/wp-json\/wp\/v2\/pages"}],"about":[{"href":"https:\/\/www.amstedmaxion.com.br\/en\/wp-json\/wp\/v2\/types\/page"}],"author":[{"embeddable":true,"href":"https:\/\/www.amstedmaxion.com.br\/en\/wp-json\/wp\/v2\/users\/1"}],"replies":[{"embeddable":true,"href":"https:\/\/www.amstedmaxion.com.br\/en\/wp-json\/wp\/v2\/comments?post=660"}],"version-history":[{"count":5,"href":"https:\/\/www.amstedmaxion.com.br\/en\/wp-json\/wp\/v2\/pages\/660\/revisions"}],"predecessor-version":[{"id":5269,"href":"https:\/\/www.amstedmaxion.com.br\/en\/wp-json\/wp\/v2\/pages\/660\/revisions\/5269"}],"wp:attachment":[{"href":"https:\/\/www.amstedmaxion.com.br\/en\/wp-json\/wp\/v2\/media?parent=660"}],"curies":[{"name":"wp","href":"https:\/\/api.w.org\/{rel}","templated":true}]}}