{"id":664,"date":"2017-10-24T14:16:47","date_gmt":"2017-10-24T16:16:47","guid":{"rendered":"http:\/\/http:\/\/189.16.185.54\/?page_id=664"},"modified":"2019-02-21T15:10:11","modified_gmt":"2019-02-21T18:10:11","slug":"about-us","status":"publish","type":"page","link":"https:\/\/www.amstedmaxion.com.br\/en\/about-us\/","title":{"rendered":"About Us"},"content":{"rendered":"<div class=\"row\">\n<h1 class=\"title-top\" style=\"text-align: left;\">About Us<\/h1>\n<\/div>\n<div class=\"row\">\n<div class=\"col-md-7\">\n<p style=\"text-align: left;\">Created from a joint venture between Greenbrier, Amsted Rail and Iochpe-Maxion, <strong>AmstedMaxion<\/strong>, a company with more than 70 years of activities, is the leading Latin American reference in the development and manufacture of steel wheels, casting components for bogies and draft gear systems, such as draft sill, E and F type coupler, fixed and rotary yokes, connection rods, followers, collars, wheel mirrors, as well as railway wheels with micro-alloyed steel technology. They are robust components with high operational performance, easy maintenance and adapted to the high demands and forces of movement of the current trains, heavier and longer.<\/p>\n<p>The foundry, located in Cruzeiro, besides the railway components, also has the capacity to produce pieces from ten kilos to six tons, in carbon steel and low alloy. Provides for the sectors of mining, machinery and equipment for civil construction and sugar and alcohol, both in domestic and export market.<\/p>\n<\/div>\n<div class=\"col-md-5\"><img decoding=\"async\" class=\"alignnone\" src=\"http:\/\/gbmx.com.br\/wp-content\/uploads\/2018\/02\/fundicao-losango-azul-web-1.png\" alt=\"\" width=\"457\" \/><\/div>\n<\/div>\n","protected":false},"excerpt":{"rendered":"<p>About Us Created from a joint venture between Greenbrier, Amsted Rail and Iochpe-Maxion, AmstedMaxion, a company with more than 70 years of activities, is the leading Latin American reference in the development and manufacture of steel wheels, casting components for bogies and draft gear systems, such as draft sill, E and F type coupler, fixed [&hellip;]<\/p>\n","protected":false},"author":1,"featured_media":0,"parent":0,"menu_order":1,"comment_status":"closed","ping_status":"closed","template":"page-quem-somos.php","meta":{"_acf_changed":false,"footnotes":""},"class_list":["post-664","page","type-page","status-publish","hentry"],"acf":[],"yoast_head":"<!-- This site is optimized with the Yoast SEO plugin v23.9 - https:\/\/yoast.com\/wordpress\/plugins\/seo\/ -->\n<title>About Us - AmstedMaxion<\/title>\n<meta name=\"robots\" content=\"index, follow, max-snippet:-1, max-image-preview:large, max-video-preview:-1\" \/>\n<link rel=\"canonical\" href=\"https:\/\/www.amstedmaxion.com.br\/en\/about-us\/\" \/>\n<meta property=\"og:locale\" content=\"en_US\" \/>\n<meta property=\"og:type\" content=\"article\" \/>\n<meta property=\"og:title\" content=\"About Us - AmstedMaxion\" \/>\n<meta property=\"og:description\" content=\"About Us Created from a joint venture between Greenbrier, Amsted Rail and Iochpe-Maxion, AmstedMaxion, a company with more than 70 years of activities, is the leading Latin American reference in the development and manufacture of steel wheels, casting components for bogies and draft gear systems, such as draft sill, E and F type coupler, fixed [&hellip;]\" \/>\n<meta property=\"og:url\" content=\"https:\/\/www.amstedmaxion.com.br\/en\/about-us\/\" \/>\n<meta property=\"og:site_name\" content=\"AmstedMaxion\" \/>\n<meta property=\"article:publisher\" content=\"https:\/\/www.facebook.com\/AmstedMaxion.Oficial\" \/>\n<meta property=\"article:modified_time\" content=\"2019-02-21T18:10:11+00:00\" \/>\n<meta property=\"og:image\" content=\"http:\/\/gbmx.com.br\/wp-content\/uploads\/2018\/02\/fundicao-losango-azul-web-1.png\" \/>\n<meta name=\"twitter:card\" content=\"summary_large_image\" \/>\n<meta name=\"twitter:label1\" content=\"Est. reading time\" \/>\n\t<meta name=\"twitter:data1\" content=\"1 minute\" \/>\n<script type=\"application\/ld+json\" class=\"yoast-schema-graph\">{\"@context\":\"https:\/\/schema.org\",\"@graph\":[{\"@type\":\"WebPage\",\"@id\":\"https:\/\/www.amstedmaxion.com.br\/en\/about-us\/\",\"url\":\"https:\/\/www.amstedmaxion.com.br\/en\/about-us\/\",\"name\":\"About Us - AmstedMaxion\",\"isPartOf\":{\"@id\":\"https:\/\/www.amstedmaxion.com.br\/#website\"},\"primaryImageOfPage\":{\"@id\":\"https:\/\/www.amstedmaxion.com.br\/en\/about-us\/#primaryimage\"},\"image\":{\"@id\":\"https:\/\/www.amstedmaxion.com.br\/en\/about-us\/#primaryimage\"},\"thumbnailUrl\":\"http:\/\/gbmx.com.br\/wp-content\/uploads\/2018\/02\/fundicao-losango-azul-web-1.png\",\"datePublished\":\"2017-10-24T16:16:47+00:00\",\"dateModified\":\"2019-02-21T18:10:11+00:00\",\"breadcrumb\":{\"@id\":\"https:\/\/www.amstedmaxion.com.br\/en\/about-us\/#breadcrumb\"},\"inLanguage\":\"en-US\",\"potentialAction\":[{\"@type\":\"ReadAction\",\"target\":[\"https:\/\/www.amstedmaxion.com.br\/en\/about-us\/\"]}]},{\"@type\":\"ImageObject\",\"inLanguage\":\"en-US\",\"@id\":\"https:\/\/www.amstedmaxion.com.br\/en\/about-us\/#primaryimage\",\"url\":\"http:\/\/gbmx.com.br\/wp-content\/uploads\/2018\/02\/fundicao-losango-azul-web-1.png\",\"contentUrl\":\"http:\/\/gbmx.com.br\/wp-content\/uploads\/2018\/02\/fundicao-losango-azul-web-1.png\"},{\"@type\":\"BreadcrumbList\",\"@id\":\"https:\/\/www.amstedmaxion.com.br\/en\/about-us\/#breadcrumb\",\"itemListElement\":[{\"@type\":\"ListItem\",\"position\":1,\"name\":\"In\u00edcio\",\"item\":\"https:\/\/www.amstedmaxion.com.br\/\"},{\"@type\":\"ListItem\",\"position\":2,\"name\":\"About Us\"}]},{\"@type\":\"WebSite\",\"@id\":\"https:\/\/www.amstedmaxion.com.br\/#website\",\"url\":\"https:\/\/www.amstedmaxion.com.br\/\",\"name\":\"AmstedMaxion\",\"description\":\"AmstedMaxion - Fundi\u00e7\u00e3o e Equipamentos Ferrovi\u00e1rios\",\"publisher\":{\"@id\":\"https:\/\/www.amstedmaxion.com.br\/#organization\"},\"alternateName\":\"AmstedMaxion\",\"potentialAction\":[{\"@type\":\"SearchAction\",\"target\":{\"@type\":\"EntryPoint\",\"urlTemplate\":\"https:\/\/www.amstedmaxion.com.br\/?s={search_term_string}\"},\"query-input\":{\"@type\":\"PropertyValueSpecification\",\"valueRequired\":true,\"valueName\":\"search_term_string\"}}],\"inLanguage\":\"en-US\"},{\"@type\":\"Organization\",\"@id\":\"https:\/\/www.amstedmaxion.com.br\/#organization\",\"name\":\"AMSTEDMAXION\",\"url\":\"https:\/\/www.amstedmaxion.com.br\/\",\"logo\":{\"@type\":\"ImageObject\",\"inLanguage\":\"en-US\",\"@id\":\"https:\/\/www.amstedmaxion.com.br\/#\/schema\/logo\/image\/\",\"url\":\"https:\/\/www.amstedmaxion.com.br\/wp-content\/uploads\/2023\/11\/amsted.png\",\"contentUrl\":\"https:\/\/www.amstedmaxion.com.br\/wp-content\/uploads\/2023\/11\/amsted.png\",\"width\":500,\"height\":500,\"caption\":\"AMSTEDMAXION\"},\"image\":{\"@id\":\"https:\/\/www.amstedmaxion.com.br\/#\/schema\/logo\/image\/\"},\"sameAs\":[\"https:\/\/www.facebook.com\/AmstedMaxion.Oficial\",\"https:\/\/br.linkedin.com\/company\/amstedmaxion\"]}]}<\/script>\n<!-- \/ Yoast SEO plugin. -->","yoast_head_json":{"title":"About Us - AmstedMaxion","robots":{"index":"index","follow":"follow","max-snippet":"max-snippet:-1","max-image-preview":"max-image-preview:large","max-video-preview":"max-video-preview:-1"},"canonical":"https:\/\/www.amstedmaxion.com.br\/en\/about-us\/","og_locale":"en_US","og_type":"article","og_title":"About Us - AmstedMaxion","og_description":"About Us Created from a joint venture between Greenbrier, Amsted Rail and Iochpe-Maxion, AmstedMaxion, a company with more than 70 years of activities, is the leading Latin American reference in the development and manufacture of steel wheels, casting components for bogies and draft gear systems, such as draft sill, E and F type coupler, fixed [&hellip;]","og_url":"https:\/\/www.amstedmaxion.com.br\/en\/about-us\/","og_site_name":"AmstedMaxion","article_publisher":"https:\/\/www.facebook.com\/AmstedMaxion.Oficial","article_modified_time":"2019-02-21T18:10:11+00:00","og_image":[{"url":"http:\/\/gbmx.com.br\/wp-content\/uploads\/2018\/02\/fundicao-losango-azul-web-1.png"}],"twitter_card":"summary_large_image","twitter_misc":{"Est. reading time":"1 minute"},"schema":{"@context":"https:\/\/schema.org","@graph":[{"@type":"WebPage","@id":"https:\/\/www.amstedmaxion.com.br\/en\/about-us\/","url":"https:\/\/www.amstedmaxion.com.br\/en\/about-us\/","name":"About Us - AmstedMaxion","isPartOf":{"@id":"https:\/\/www.amstedmaxion.com.br\/#website"},"primaryImageOfPage":{"@id":"https:\/\/www.amstedmaxion.com.br\/en\/about-us\/#primaryimage"},"image":{"@id":"https:\/\/www.amstedmaxion.com.br\/en\/about-us\/#primaryimage"},"thumbnailUrl":"http:\/\/gbmx.com.br\/wp-content\/uploads\/2018\/02\/fundicao-losango-azul-web-1.png","datePublished":"2017-10-24T16:16:47+00:00","dateModified":"2019-02-21T18:10:11+00:00","breadcrumb":{"@id":"https:\/\/www.amstedmaxion.com.br\/en\/about-us\/#breadcrumb"},"inLanguage":"en-US","potentialAction":[{"@type":"ReadAction","target":["https:\/\/www.amstedmaxion.com.br\/en\/about-us\/"]}]},{"@type":"ImageObject","inLanguage":"en-US","@id":"https:\/\/www.amstedmaxion.com.br\/en\/about-us\/#primaryimage","url":"http:\/\/gbmx.com.br\/wp-content\/uploads\/2018\/02\/fundicao-losango-azul-web-1.png","contentUrl":"http:\/\/gbmx.com.br\/wp-content\/uploads\/2018\/02\/fundicao-losango-azul-web-1.png"},{"@type":"BreadcrumbList","@id":"https:\/\/www.amstedmaxion.com.br\/en\/about-us\/#breadcrumb","itemListElement":[{"@type":"ListItem","position":1,"name":"In\u00edcio","item":"https:\/\/www.amstedmaxion.com.br\/"},{"@type":"ListItem","position":2,"name":"About Us"}]},{"@type":"WebSite","@id":"https:\/\/www.amstedmaxion.com.br\/#website","url":"https:\/\/www.amstedmaxion.com.br\/","name":"AmstedMaxion","description":"AmstedMaxion - Fundi\u00e7\u00e3o e Equipamentos Ferrovi\u00e1rios","publisher":{"@id":"https:\/\/www.amstedmaxion.com.br\/#organization"},"alternateName":"AmstedMaxion","potentialAction":[{"@type":"SearchAction","target":{"@type":"EntryPoint","urlTemplate":"https:\/\/www.amstedmaxion.com.br\/?s={search_term_string}"},"query-input":{"@type":"PropertyValueSpecification","valueRequired":true,"valueName":"search_term_string"}}],"inLanguage":"en-US"},{"@type":"Organization","@id":"https:\/\/www.amstedmaxion.com.br\/#organization","name":"AMSTEDMAXION","url":"https:\/\/www.amstedmaxion.com.br\/","logo":{"@type":"ImageObject","inLanguage":"en-US","@id":"https:\/\/www.amstedmaxion.com.br\/#\/schema\/logo\/image\/","url":"https:\/\/www.amstedmaxion.com.br\/wp-content\/uploads\/2023\/11\/amsted.png","contentUrl":"https:\/\/www.amstedmaxion.com.br\/wp-content\/uploads\/2023\/11\/amsted.png","width":500,"height":500,"caption":"AMSTEDMAXION"},"image":{"@id":"https:\/\/www.amstedmaxion.com.br\/#\/schema\/logo\/image\/"},"sameAs":["https:\/\/www.facebook.com\/AmstedMaxion.Oficial","https:\/\/br.linkedin.com\/company\/amstedmaxion"]}]}},"_links":{"self":[{"href":"https:\/\/www.amstedmaxion.com.br\/en\/wp-json\/wp\/v2\/pages\/664","targetHints":{"allow":["GET"]}}],"collection":[{"href":"https:\/\/www.amstedmaxion.com.br\/en\/wp-json\/wp\/v2\/pages"}],"about":[{"href":"https:\/\/www.amstedmaxion.com.br\/en\/wp-json\/wp\/v2\/types\/page"}],"author":[{"embeddable":true,"href":"https:\/\/www.amstedmaxion.com.br\/en\/wp-json\/wp\/v2\/users\/1"}],"replies":[{"embeddable":true,"href":"https:\/\/www.amstedmaxion.com.br\/en\/wp-json\/wp\/v2\/comments?post=664"}],"version-history":[{"count":9,"href":"https:\/\/www.amstedmaxion.com.br\/en\/wp-json\/wp\/v2\/pages\/664\/revisions"}],"predecessor-version":[{"id":5289,"href":"https:\/\/www.amstedmaxion.com.br\/en\/wp-json\/wp\/v2\/pages\/664\/revisions\/5289"}],"wp:attachment":[{"href":"https:\/\/www.amstedmaxion.com.br\/en\/wp-json\/wp\/v2\/media?parent=664"}],"curies":[{"name":"wp","href":"https:\/\/api.w.org\/{rel}","templated":true}]}}