{"id":669,"date":"2017-10-24T14:20:28","date_gmt":"2017-10-24T16:20:28","guid":{"rendered":"http:\/\/http:\/\/189.16.185.54\/?page_id=669"},"modified":"2019-02-06T11:11:38","modified_gmt":"2019-02-06T13:11:38","slug":"sustainability","status":"publish","type":"page","link":"https:\/\/www.amstedmaxion.com.br\/en\/sustainability\/","title":{"rendered":"Sustainability"},"content":{"rendered":"<div class=\"row\">\n<div class=\"col-md-7\">\n<p>AmstedMaxion is concerned with sustainable development, always attentive to its practices, its modes of production and the relationship with its stakeholders. The investment in social projects and the incentive of employees in the participation of voluntary actions are part of our DNA, besides the concern to improve the management of waste, liquid effluents and atmospheric emissions.<\/p>\n<p>The company has as premise to promote business development considering the economic, social and environmental aspects and is engaged in projects and programs of professional qualification, quality of life and preservation of the environment.<\/p>\n<\/div>\n<div class=\"col-md-5\"><img loading=\"lazy\" decoding=\"async\" class=\"alignright\" src=\"http:\/\/www.amstedmaxion.com.br\/wp-content\/uploads\/2019\/01\/sustentabilidade.png\" alt=\"\" width=\"678\" height=\"383\" \/><\/div>\n<\/div>\n","protected":false},"excerpt":{"rendered":"<p>AmstedMaxion is concerned with sustainable development, always attentive to its practices, its modes of production and the relationship with its stakeholders. The investment in social projects and the incentive of employees in the participation of voluntary actions are part of our DNA, besides the concern to improve the management of waste, liquid effluents and atmospheric [&hellip;]<\/p>\n","protected":false},"author":1,"featured_media":0,"parent":0,"menu_order":0,"comment_status":"closed","ping_status":"closed","template":"page-sustentabilidade.php","meta":{"_acf_changed":false,"footnotes":""},"class_list":["post-669","page","type-page","status-publish","hentry"],"acf":[],"yoast_head":"<!-- This site is optimized with the Yoast SEO plugin v23.9 - https:\/\/yoast.com\/wordpress\/plugins\/seo\/ -->\n<title>Sustainability - AmstedMaxion<\/title>\n<meta name=\"robots\" content=\"index, follow, max-snippet:-1, max-image-preview:large, max-video-preview:-1\" \/>\n<link rel=\"canonical\" href=\"https:\/\/www.amstedmaxion.com.br\/sustentabilidade\/\" \/>\n<meta property=\"og:locale\" content=\"en_US\" \/>\n<meta property=\"og:type\" content=\"article\" \/>\n<meta property=\"og:title\" content=\"Sustainability - AmstedMaxion\" \/>\n<meta property=\"og:description\" content=\"AmstedMaxion is concerned with sustainable development, always attentive to its practices, its modes of production and the relationship with its stakeholders. The investment in social projects and the incentive of employees in the participation of voluntary actions are part of our DNA, besides the concern to improve the management of waste, liquid effluents and atmospheric [&hellip;]\" \/>\n<meta property=\"og:url\" content=\"https:\/\/www.amstedmaxion.com.br\/sustentabilidade\/\" \/>\n<meta property=\"og:site_name\" content=\"AmstedMaxion\" \/>\n<meta property=\"article:publisher\" content=\"https:\/\/www.facebook.com\/AmstedMaxion.Oficial\" \/>\n<meta property=\"article:modified_time\" content=\"2019-02-06T13:11:38+00:00\" \/>\n<meta property=\"og:image\" content=\"http:\/\/www.amstedmaxion.com.br\/wp-content\/uploads\/2019\/01\/sustentabilidade.png\" \/>\n<meta name=\"twitter:card\" content=\"summary_large_image\" \/>\n<script type=\"application\/ld+json\" class=\"yoast-schema-graph\">{\"@context\":\"https:\/\/schema.org\",\"@graph\":[{\"@type\":\"WebPage\",\"@id\":\"https:\/\/www.amstedmaxion.com.br\/sustentabilidade\/\",\"url\":\"https:\/\/www.amstedmaxion.com.br\/sustentabilidade\/\",\"name\":\"Sustainability - AmstedMaxion\",\"isPartOf\":{\"@id\":\"https:\/\/www.amstedmaxion.com.br\/#website\"},\"primaryImageOfPage\":{\"@id\":\"https:\/\/www.amstedmaxion.com.br\/sustentabilidade\/#primaryimage\"},\"image\":{\"@id\":\"https:\/\/www.amstedmaxion.com.br\/sustentabilidade\/#primaryimage\"},\"thumbnailUrl\":\"http:\/\/www.amstedmaxion.com.br\/wp-content\/uploads\/2019\/01\/sustentabilidade.png\",\"datePublished\":\"2017-10-24T16:20:28+00:00\",\"dateModified\":\"2019-02-06T13:11:38+00:00\",\"breadcrumb\":{\"@id\":\"https:\/\/www.amstedmaxion.com.br\/sustentabilidade\/#breadcrumb\"},\"inLanguage\":\"en-US\",\"potentialAction\":[{\"@type\":\"ReadAction\",\"target\":[\"https:\/\/www.amstedmaxion.com.br\/sustentabilidade\/\"]}]},{\"@type\":\"ImageObject\",\"inLanguage\":\"en-US\",\"@id\":\"https:\/\/www.amstedmaxion.com.br\/sustentabilidade\/#primaryimage\",\"url\":\"http:\/\/www.amstedmaxion.com.br\/wp-content\/uploads\/2019\/01\/sustentabilidade.png\",\"contentUrl\":\"http:\/\/www.amstedmaxion.com.br\/wp-content\/uploads\/2019\/01\/sustentabilidade.png\"},{\"@type\":\"BreadcrumbList\",\"@id\":\"https:\/\/www.amstedmaxion.com.br\/sustentabilidade\/#breadcrumb\",\"itemListElement\":[{\"@type\":\"ListItem\",\"position\":1,\"name\":\"In\u00edcio\",\"item\":\"https:\/\/www.amstedmaxion.com.br\/\"},{\"@type\":\"ListItem\",\"position\":2,\"name\":\"Sustainability\"}]},{\"@type\":\"WebSite\",\"@id\":\"https:\/\/www.amstedmaxion.com.br\/#website\",\"url\":\"https:\/\/www.amstedmaxion.com.br\/\",\"name\":\"AmstedMaxion\",\"description\":\"AmstedMaxion - Fundi\u00e7\u00e3o e Equipamentos Ferrovi\u00e1rios\",\"publisher\":{\"@id\":\"https:\/\/www.amstedmaxion.com.br\/#organization\"},\"alternateName\":\"AmstedMaxion\",\"potentialAction\":[{\"@type\":\"SearchAction\",\"target\":{\"@type\":\"EntryPoint\",\"urlTemplate\":\"https:\/\/www.amstedmaxion.com.br\/?s={search_term_string}\"},\"query-input\":{\"@type\":\"PropertyValueSpecification\",\"valueRequired\":true,\"valueName\":\"search_term_string\"}}],\"inLanguage\":\"en-US\"},{\"@type\":\"Organization\",\"@id\":\"https:\/\/www.amstedmaxion.com.br\/#organization\",\"name\":\"AMSTEDMAXION\",\"url\":\"https:\/\/www.amstedmaxion.com.br\/\",\"logo\":{\"@type\":\"ImageObject\",\"inLanguage\":\"en-US\",\"@id\":\"https:\/\/www.amstedmaxion.com.br\/#\/schema\/logo\/image\/\",\"url\":\"https:\/\/www.amstedmaxion.com.br\/wp-content\/uploads\/2023\/11\/amsted.png\",\"contentUrl\":\"https:\/\/www.amstedmaxion.com.br\/wp-content\/uploads\/2023\/11\/amsted.png\",\"width\":500,\"height\":500,\"caption\":\"AMSTEDMAXION\"},\"image\":{\"@id\":\"https:\/\/www.amstedmaxion.com.br\/#\/schema\/logo\/image\/\"},\"sameAs\":[\"https:\/\/www.facebook.com\/AmstedMaxion.Oficial\",\"https:\/\/br.linkedin.com\/company\/amstedmaxion\"]}]}<\/script>\n<!-- \/ Yoast SEO plugin. -->","yoast_head_json":{"title":"Sustainability - AmstedMaxion","robots":{"index":"index","follow":"follow","max-snippet":"max-snippet:-1","max-image-preview":"max-image-preview:large","max-video-preview":"max-video-preview:-1"},"canonical":"https:\/\/www.amstedmaxion.com.br\/sustentabilidade\/","og_locale":"en_US","og_type":"article","og_title":"Sustainability - AmstedMaxion","og_description":"AmstedMaxion is concerned with sustainable development, always attentive to its practices, its modes of production and the relationship with its stakeholders. The investment in social projects and the incentive of employees in the participation of voluntary actions are part of our DNA, besides the concern to improve the management of waste, liquid effluents and atmospheric [&hellip;]","og_url":"https:\/\/www.amstedmaxion.com.br\/sustentabilidade\/","og_site_name":"AmstedMaxion","article_publisher":"https:\/\/www.facebook.com\/AmstedMaxion.Oficial","article_modified_time":"2019-02-06T13:11:38+00:00","og_image":[{"url":"http:\/\/www.amstedmaxion.com.br\/wp-content\/uploads\/2019\/01\/sustentabilidade.png"}],"twitter_card":"summary_large_image","schema":{"@context":"https:\/\/schema.org","@graph":[{"@type":"WebPage","@id":"https:\/\/www.amstedmaxion.com.br\/sustentabilidade\/","url":"https:\/\/www.amstedmaxion.com.br\/sustentabilidade\/","name":"Sustainability - AmstedMaxion","isPartOf":{"@id":"https:\/\/www.amstedmaxion.com.br\/#website"},"primaryImageOfPage":{"@id":"https:\/\/www.amstedmaxion.com.br\/sustentabilidade\/#primaryimage"},"image":{"@id":"https:\/\/www.amstedmaxion.com.br\/sustentabilidade\/#primaryimage"},"thumbnailUrl":"http:\/\/www.amstedmaxion.com.br\/wp-content\/uploads\/2019\/01\/sustentabilidade.png","datePublished":"2017-10-24T16:20:28+00:00","dateModified":"2019-02-06T13:11:38+00:00","breadcrumb":{"@id":"https:\/\/www.amstedmaxion.com.br\/sustentabilidade\/#breadcrumb"},"inLanguage":"en-US","potentialAction":[{"@type":"ReadAction","target":["https:\/\/www.amstedmaxion.com.br\/sustentabilidade\/"]}]},{"@type":"ImageObject","inLanguage":"en-US","@id":"https:\/\/www.amstedmaxion.com.br\/sustentabilidade\/#primaryimage","url":"http:\/\/www.amstedmaxion.com.br\/wp-content\/uploads\/2019\/01\/sustentabilidade.png","contentUrl":"http:\/\/www.amstedmaxion.com.br\/wp-content\/uploads\/2019\/01\/sustentabilidade.png"},{"@type":"BreadcrumbList","@id":"https:\/\/www.amstedmaxion.com.br\/sustentabilidade\/#breadcrumb","itemListElement":[{"@type":"ListItem","position":1,"name":"In\u00edcio","item":"https:\/\/www.amstedmaxion.com.br\/"},{"@type":"ListItem","position":2,"name":"Sustainability"}]},{"@type":"WebSite","@id":"https:\/\/www.amstedmaxion.com.br\/#website","url":"https:\/\/www.amstedmaxion.com.br\/","name":"AmstedMaxion","description":"AmstedMaxion - Fundi\u00e7\u00e3o e Equipamentos Ferrovi\u00e1rios","publisher":{"@id":"https:\/\/www.amstedmaxion.com.br\/#organization"},"alternateName":"AmstedMaxion","potentialAction":[{"@type":"SearchAction","target":{"@type":"EntryPoint","urlTemplate":"https:\/\/www.amstedmaxion.com.br\/?s={search_term_string}"},"query-input":{"@type":"PropertyValueSpecification","valueRequired":true,"valueName":"search_term_string"}}],"inLanguage":"en-US"},{"@type":"Organization","@id":"https:\/\/www.amstedmaxion.com.br\/#organization","name":"AMSTEDMAXION","url":"https:\/\/www.amstedmaxion.com.br\/","logo":{"@type":"ImageObject","inLanguage":"en-US","@id":"https:\/\/www.amstedmaxion.com.br\/#\/schema\/logo\/image\/","url":"https:\/\/www.amstedmaxion.com.br\/wp-content\/uploads\/2023\/11\/amsted.png","contentUrl":"https:\/\/www.amstedmaxion.com.br\/wp-content\/uploads\/2023\/11\/amsted.png","width":500,"height":500,"caption":"AMSTEDMAXION"},"image":{"@id":"https:\/\/www.amstedmaxion.com.br\/#\/schema\/logo\/image\/"},"sameAs":["https:\/\/www.facebook.com\/AmstedMaxion.Oficial","https:\/\/br.linkedin.com\/company\/amstedmaxion"]}]}},"_links":{"self":[{"href":"https:\/\/www.amstedmaxion.com.br\/en\/wp-json\/wp\/v2\/pages\/669","targetHints":{"allow":["GET"]}}],"collection":[{"href":"https:\/\/www.amstedmaxion.com.br\/en\/wp-json\/wp\/v2\/pages"}],"about":[{"href":"https:\/\/www.amstedmaxion.com.br\/en\/wp-json\/wp\/v2\/types\/page"}],"author":[{"embeddable":true,"href":"https:\/\/www.amstedmaxion.com.br\/en\/wp-json\/wp\/v2\/users\/1"}],"replies":[{"embeddable":true,"href":"https:\/\/www.amstedmaxion.com.br\/en\/wp-json\/wp\/v2\/comments?post=669"}],"version-history":[{"count":6,"href":"https:\/\/www.amstedmaxion.com.br\/en\/wp-json\/wp\/v2\/pages\/669\/revisions"}],"predecessor-version":[{"id":5143,"href":"https:\/\/www.amstedmaxion.com.br\/en\/wp-json\/wp\/v2\/pages\/669\/revisions\/5143"}],"wp:attachment":[{"href":"https:\/\/www.amstedmaxion.com.br\/en\/wp-json\/wp\/v2\/media?parent=669"}],"curies":[{"name":"wp","href":"https:\/\/api.w.org\/{rel}","templated":true}]}}