{"id":674,"date":"2017-10-24T14:36:37","date_gmt":"2017-10-24T16:36:37","guid":{"rendered":"http:\/\/http:\/\/189.16.185.54\/?page_id=674"},"modified":"2019-02-27T10:23:51","modified_gmt":"2019-02-27T13:23:51","slug":"quality","status":"publish","type":"page","link":"https:\/\/www.amstedmaxion.com.br\/en\/about-us\/quality\/","title":{"rendered":"Quality"},"content":{"rendered":"<div class=\"list-formatted\">\n<h3>Greenbrier Maxion Quality Policy<\/h3>\n<p>AmstedMaxion is committed to manufacture its railway and industrial castings, having as principles:<\/p>\n<ul>\n<li>Compliance with current legislation and Customer&#8217;s requirements;<\/li>\n<li>Continuous improvement of its products, processes and services in relation to Quality, Work Safety and Environment;<\/li>\n<li>Manufacture of castings made from recycled steel;<\/li>\n<li>Prevention and Preservation of Health and Protection of the Environment;<\/li>\n<li>Commitment of its employees, outsourcers, suppliers and customers.<\/li>\n<\/ul>\n<p>&nbsp;<\/p>\n<p>The senior management defines, through management system indicators, goals and targets for improvements, developing the respective plans to achieve them.<\/p>\n<p>Integrated Policy: date: 06\/14\/2017 &#8211; revision 02<\/p>\n<hr \/>\n<p><!--\n\n\n<h3>AmstedMaxion Quality Policy<\/h3>\n\n\nAmstedMaxion is committed to manufacturing their railway and industrial cast products, having as principles:\n\n\n<ul>\n \t\n\n<li>Observance to current legislation and the Customer's requirements;<\/li>\n\n\n \t\n\n<li>Continuous improvement of their products, processes and services in regard to Quality, Labor Safety and Environment;<\/li>\n\n\n \t\n\n<li>Manufacturing of castings based on recycled steel;<\/li>\n\n\n \t\n\n<li>Health Prevention and Preservation and Environmental protection;<\/li>\n\n\n \t\n\n<li>Commitment by their employees, contractors, suppliers and customers.<\/li>\n\n\n<\/ul>\n\n\nSenior management defines, via management system indicators, objectives and improvement targets, developing the respective plans to achieve them.\n\nIntegrated Policy: date: 6\/14\/2017- review 02 --><\/p>\n<h4>Check here the certifications won by <a href=\"http:\/\/www.amstedmaxion.com.br\/\">AmstedMaxion<\/a> and Greenbrier Maxion<\/h4>\n<\/div>\n<div class=\"row\">\n<div class=\"col-md-2\">\n\t<a href=\"http:\/\/www.amstedmaxion.com.br\/wp-content\/uploads\/certificados\/Certificado-AAR-Fundi\u00e7\u00e3o.png\" data-fancybox=\"certificados\"><br \/>\n\t\t<img decoding=\"async\" src=\"http:\/\/www.amstedmaxion.com.br\/wp-content\/uploads\/certificados\/Certificado-AAR-Fundi\u00e7\u00e3o.png\" alt=\"\" width=\"100%\" height=\"auto\" \/><br \/>\n\t<\/a>\n<\/div>\n<div class=\"col-md-2\">\n\t<a href=\"http:\/\/www.amstedmaxion.com.br\/wp-content\/uploads\/2019\/02\/9001.png\" data-fancybox=\"certificados\"><br \/>\n\t\t<img decoding=\"async\" src=\"http:\/\/www.amstedmaxion.com.br\/wp-content\/uploads\/2019\/02\/9001.png\" alt=\"\" width=\"100%\" height=\"auto\" \/><br \/>\n\t<\/a>\n<\/div>\n<div class=\"col-md-2\">\n\t<a href=\"http:\/\/www.amstedmaxion.com.br\/wp-content\/uploads\/certificados\/Certificado-AAR-Rodas-RAF.png\" data-fancybox=\"certificados\"><br \/>\n\t\t<img decoding=\"async\" src=\"http:\/\/www.amstedmaxion.com.br\/wp-content\/uploads\/certificados\/Certificado-AAR-Rodas-RAF.png\" alt=\"\" width=\"100%\" height=\"auto\" \/><br \/>\n\t<\/a>\n<\/div>\n<div class=\"col-md-2\">\n\t<a href=\"http:\/\/www.amstedmaxion.com.br\/wp-content\/uploads\/2019\/02\/14001.png\" data-fancybox=\"certificados\"><br \/>\n\t\t<img decoding=\"async\" src=\"http:\/\/www.amstedmaxion.com.br\/wp-content\/uploads\/2019\/02\/14001.png\" alt=\"\" width=\"100%\" height=\"auto\" \/><br \/>\n\t<\/a>\n<\/div>\n<\/div>\n","protected":false},"excerpt":{"rendered":"<p>Greenbrier Maxion Quality Policy AmstedMaxion is committed to manufacture its railway and industrial castings, having as principles: Compliance with current legislation and Customer&#8217;s requirements; Continuous improvement of its products, processes and services in relation to Quality, Work Safety and Environment; Manufacture of castings made from recycled steel; Prevention and Preservation of Health and Protection of [&hellip;]<\/p>\n","protected":false},"author":1,"featured_media":0,"parent":664,"menu_order":5,"comment_status":"closed","ping_status":"closed","template":"page-politica-de-qualidade.php","meta":{"_acf_changed":false,"footnotes":""},"class_list":["post-674","page","type-page","status-publish","hentry"],"acf":[],"yoast_head":"<!-- This site is optimized with the Yoast SEO plugin v23.9 - https:\/\/yoast.com\/wordpress\/plugins\/seo\/ -->\n<title>Quality - AmstedMaxion<\/title>\n<meta name=\"robots\" content=\"index, follow, max-snippet:-1, max-image-preview:large, max-video-preview:-1\" \/>\n<link rel=\"canonical\" href=\"https:\/\/www.amstedmaxion.com.br\/en\/about-us\/quality\/\" \/>\n<meta property=\"og:locale\" content=\"en_US\" \/>\n<meta property=\"og:type\" content=\"article\" \/>\n<meta property=\"og:title\" content=\"Quality - AmstedMaxion\" \/>\n<meta property=\"og:description\" content=\"Greenbrier Maxion Quality Policy AmstedMaxion is committed to manufacture its railway and industrial castings, having as principles: Compliance with current legislation and Customer&#8217;s requirements; Continuous improvement of its products, processes and services in relation to Quality, Work Safety and Environment; Manufacture of castings made from recycled steel; Prevention and Preservation of Health and Protection of [&hellip;]\" \/>\n<meta property=\"og:url\" content=\"https:\/\/www.amstedmaxion.com.br\/en\/about-us\/quality\/\" \/>\n<meta property=\"og:site_name\" content=\"AmstedMaxion\" \/>\n<meta property=\"article:publisher\" content=\"https:\/\/www.facebook.com\/AmstedMaxion.Oficial\" \/>\n<meta property=\"article:modified_time\" content=\"2019-02-27T13:23:51+00:00\" \/>\n<meta property=\"og:image\" content=\"http:\/\/www.amstedmaxion.com.br\/wp-content\/uploads\/2019\/02\/9001.png\" \/>\n<meta name=\"twitter:card\" content=\"summary_large_image\" \/>\n<meta name=\"twitter:label1\" content=\"Est. reading time\" \/>\n\t<meta name=\"twitter:data1\" content=\"1 minute\" \/>\n<script type=\"application\/ld+json\" class=\"yoast-schema-graph\">{\"@context\":\"https:\/\/schema.org\",\"@graph\":[{\"@type\":\"WebPage\",\"@id\":\"https:\/\/www.amstedmaxion.com.br\/en\/about-us\/quality\/\",\"url\":\"https:\/\/www.amstedmaxion.com.br\/en\/about-us\/quality\/\",\"name\":\"Quality - AmstedMaxion\",\"isPartOf\":{\"@id\":\"https:\/\/www.amstedmaxion.com.br\/#website\"},\"primaryImageOfPage\":{\"@id\":\"https:\/\/www.amstedmaxion.com.br\/en\/about-us\/quality\/#primaryimage\"},\"image\":{\"@id\":\"https:\/\/www.amstedmaxion.com.br\/en\/about-us\/quality\/#primaryimage\"},\"thumbnailUrl\":\"http:\/\/www.amstedmaxion.com.br\/wp-content\/uploads\/2019\/02\/9001.png\",\"datePublished\":\"2017-10-24T16:36:37+00:00\",\"dateModified\":\"2019-02-27T13:23:51+00:00\",\"breadcrumb\":{\"@id\":\"https:\/\/www.amstedmaxion.com.br\/en\/about-us\/quality\/#breadcrumb\"},\"inLanguage\":\"en-US\",\"potentialAction\":[{\"@type\":\"ReadAction\",\"target\":[\"https:\/\/www.amstedmaxion.com.br\/en\/about-us\/quality\/\"]}]},{\"@type\":\"ImageObject\",\"inLanguage\":\"en-US\",\"@id\":\"https:\/\/www.amstedmaxion.com.br\/en\/about-us\/quality\/#primaryimage\",\"url\":\"http:\/\/www.amstedmaxion.com.br\/wp-content\/uploads\/2019\/02\/9001.png\",\"contentUrl\":\"http:\/\/www.amstedmaxion.com.br\/wp-content\/uploads\/2019\/02\/9001.png\"},{\"@type\":\"BreadcrumbList\",\"@id\":\"https:\/\/www.amstedmaxion.com.br\/en\/about-us\/quality\/#breadcrumb\",\"itemListElement\":[{\"@type\":\"ListItem\",\"position\":1,\"name\":\"In\u00edcio\",\"item\":\"https:\/\/www.amstedmaxion.com.br\/\"},{\"@type\":\"ListItem\",\"position\":2,\"name\":\"About Us\",\"item\":\"https:\/\/www.amstedmaxion.com.br\/en\/about-us\/\"},{\"@type\":\"ListItem\",\"position\":3,\"name\":\"Quality\"}]},{\"@type\":\"WebSite\",\"@id\":\"https:\/\/www.amstedmaxion.com.br\/#website\",\"url\":\"https:\/\/www.amstedmaxion.com.br\/\",\"name\":\"AmstedMaxion\",\"description\":\"AmstedMaxion - Fundi\u00e7\u00e3o e Equipamentos Ferrovi\u00e1rios\",\"publisher\":{\"@id\":\"https:\/\/www.amstedmaxion.com.br\/#organization\"},\"alternateName\":\"AmstedMaxion\",\"potentialAction\":[{\"@type\":\"SearchAction\",\"target\":{\"@type\":\"EntryPoint\",\"urlTemplate\":\"https:\/\/www.amstedmaxion.com.br\/?s={search_term_string}\"},\"query-input\":{\"@type\":\"PropertyValueSpecification\",\"valueRequired\":true,\"valueName\":\"search_term_string\"}}],\"inLanguage\":\"en-US\"},{\"@type\":\"Organization\",\"@id\":\"https:\/\/www.amstedmaxion.com.br\/#organization\",\"name\":\"AMSTEDMAXION\",\"url\":\"https:\/\/www.amstedmaxion.com.br\/\",\"logo\":{\"@type\":\"ImageObject\",\"inLanguage\":\"en-US\",\"@id\":\"https:\/\/www.amstedmaxion.com.br\/#\/schema\/logo\/image\/\",\"url\":\"https:\/\/www.amstedmaxion.com.br\/wp-content\/uploads\/2023\/11\/amsted.png\",\"contentUrl\":\"https:\/\/www.amstedmaxion.com.br\/wp-content\/uploads\/2023\/11\/amsted.png\",\"width\":500,\"height\":500,\"caption\":\"AMSTEDMAXION\"},\"image\":{\"@id\":\"https:\/\/www.amstedmaxion.com.br\/#\/schema\/logo\/image\/\"},\"sameAs\":[\"https:\/\/www.facebook.com\/AmstedMaxion.Oficial\",\"https:\/\/br.linkedin.com\/company\/amstedmaxion\"]}]}<\/script>\n<!-- \/ Yoast SEO plugin. -->","yoast_head_json":{"title":"Quality - AmstedMaxion","robots":{"index":"index","follow":"follow","max-snippet":"max-snippet:-1","max-image-preview":"max-image-preview:large","max-video-preview":"max-video-preview:-1"},"canonical":"https:\/\/www.amstedmaxion.com.br\/en\/about-us\/quality\/","og_locale":"en_US","og_type":"article","og_title":"Quality - AmstedMaxion","og_description":"Greenbrier Maxion Quality Policy AmstedMaxion is committed to manufacture its railway and industrial castings, having as principles: Compliance with current legislation and Customer&#8217;s requirements; Continuous improvement of its products, processes and services in relation to Quality, Work Safety and Environment; Manufacture of castings made from recycled steel; Prevention and Preservation of Health and Protection of [&hellip;]","og_url":"https:\/\/www.amstedmaxion.com.br\/en\/about-us\/quality\/","og_site_name":"AmstedMaxion","article_publisher":"https:\/\/www.facebook.com\/AmstedMaxion.Oficial","article_modified_time":"2019-02-27T13:23:51+00:00","og_image":[{"url":"http:\/\/www.amstedmaxion.com.br\/wp-content\/uploads\/2019\/02\/9001.png"}],"twitter_card":"summary_large_image","twitter_misc":{"Est. reading time":"1 minute"},"schema":{"@context":"https:\/\/schema.org","@graph":[{"@type":"WebPage","@id":"https:\/\/www.amstedmaxion.com.br\/en\/about-us\/quality\/","url":"https:\/\/www.amstedmaxion.com.br\/en\/about-us\/quality\/","name":"Quality - AmstedMaxion","isPartOf":{"@id":"https:\/\/www.amstedmaxion.com.br\/#website"},"primaryImageOfPage":{"@id":"https:\/\/www.amstedmaxion.com.br\/en\/about-us\/quality\/#primaryimage"},"image":{"@id":"https:\/\/www.amstedmaxion.com.br\/en\/about-us\/quality\/#primaryimage"},"thumbnailUrl":"http:\/\/www.amstedmaxion.com.br\/wp-content\/uploads\/2019\/02\/9001.png","datePublished":"2017-10-24T16:36:37+00:00","dateModified":"2019-02-27T13:23:51+00:00","breadcrumb":{"@id":"https:\/\/www.amstedmaxion.com.br\/en\/about-us\/quality\/#breadcrumb"},"inLanguage":"en-US","potentialAction":[{"@type":"ReadAction","target":["https:\/\/www.amstedmaxion.com.br\/en\/about-us\/quality\/"]}]},{"@type":"ImageObject","inLanguage":"en-US","@id":"https:\/\/www.amstedmaxion.com.br\/en\/about-us\/quality\/#primaryimage","url":"http:\/\/www.amstedmaxion.com.br\/wp-content\/uploads\/2019\/02\/9001.png","contentUrl":"http:\/\/www.amstedmaxion.com.br\/wp-content\/uploads\/2019\/02\/9001.png"},{"@type":"BreadcrumbList","@id":"https:\/\/www.amstedmaxion.com.br\/en\/about-us\/quality\/#breadcrumb","itemListElement":[{"@type":"ListItem","position":1,"name":"In\u00edcio","item":"https:\/\/www.amstedmaxion.com.br\/"},{"@type":"ListItem","position":2,"name":"About Us","item":"https:\/\/www.amstedmaxion.com.br\/en\/about-us\/"},{"@type":"ListItem","position":3,"name":"Quality"}]},{"@type":"WebSite","@id":"https:\/\/www.amstedmaxion.com.br\/#website","url":"https:\/\/www.amstedmaxion.com.br\/","name":"AmstedMaxion","description":"AmstedMaxion - Fundi\u00e7\u00e3o e Equipamentos Ferrovi\u00e1rios","publisher":{"@id":"https:\/\/www.amstedmaxion.com.br\/#organization"},"alternateName":"AmstedMaxion","potentialAction":[{"@type":"SearchAction","target":{"@type":"EntryPoint","urlTemplate":"https:\/\/www.amstedmaxion.com.br\/?s={search_term_string}"},"query-input":{"@type":"PropertyValueSpecification","valueRequired":true,"valueName":"search_term_string"}}],"inLanguage":"en-US"},{"@type":"Organization","@id":"https:\/\/www.amstedmaxion.com.br\/#organization","name":"AMSTEDMAXION","url":"https:\/\/www.amstedmaxion.com.br\/","logo":{"@type":"ImageObject","inLanguage":"en-US","@id":"https:\/\/www.amstedmaxion.com.br\/#\/schema\/logo\/image\/","url":"https:\/\/www.amstedmaxion.com.br\/wp-content\/uploads\/2023\/11\/amsted.png","contentUrl":"https:\/\/www.amstedmaxion.com.br\/wp-content\/uploads\/2023\/11\/amsted.png","width":500,"height":500,"caption":"AMSTEDMAXION"},"image":{"@id":"https:\/\/www.amstedmaxion.com.br\/#\/schema\/logo\/image\/"},"sameAs":["https:\/\/www.facebook.com\/AmstedMaxion.Oficial","https:\/\/br.linkedin.com\/company\/amstedmaxion"]}]}},"_links":{"self":[{"href":"https:\/\/www.amstedmaxion.com.br\/en\/wp-json\/wp\/v2\/pages\/674","targetHints":{"allow":["GET"]}}],"collection":[{"href":"https:\/\/www.amstedmaxion.com.br\/en\/wp-json\/wp\/v2\/pages"}],"about":[{"href":"https:\/\/www.amstedmaxion.com.br\/en\/wp-json\/wp\/v2\/types\/page"}],"author":[{"embeddable":true,"href":"https:\/\/www.amstedmaxion.com.br\/en\/wp-json\/wp\/v2\/users\/1"}],"replies":[{"embeddable":true,"href":"https:\/\/www.amstedmaxion.com.br\/en\/wp-json\/wp\/v2\/comments?post=674"}],"version-history":[{"count":10,"href":"https:\/\/www.amstedmaxion.com.br\/en\/wp-json\/wp\/v2\/pages\/674\/revisions"}],"predecessor-version":[{"id":5499,"href":"https:\/\/www.amstedmaxion.com.br\/en\/wp-json\/wp\/v2\/pages\/674\/revisions\/5499"}],"up":[{"embeddable":true,"href":"https:\/\/www.amstedmaxion.com.br\/en\/wp-json\/wp\/v2\/pages\/664"}],"wp:attachment":[{"href":"https:\/\/www.amstedmaxion.com.br\/en\/wp-json\/wp\/v2\/media?parent=674"}],"curies":[{"name":"wp","href":"https:\/\/api.w.org\/{rel}","templated":true}]}}