{"id":689,"date":"2017-10-24T14:53:10","date_gmt":"2017-10-24T16:53:10","guid":{"rendered":"http:\/\/http:\/\/189.16.185.54\/?page_id=689"},"modified":"2019-02-06T12:23:12","modified_gmt":"2019-02-06T14:23:12","slug":"corporate-governance","status":"publish","type":"page","link":"https:\/\/www.amstedmaxion.com.br\/en\/corporate-governance\/","title":{"rendered":"Corporate Governance"},"content":{"rendered":"<p><img loading=\"lazy\" decoding=\"async\" class=\"alignright wp-image-1461\" src=\"http:\/\/www.amstedmaxion.com.br\/wp-content\/uploads\/2018\/02\/fundicao-losango-azul-web-1.png\" alt=\"\" width=\"386\" height=\"300\" \/><\/p>\n<p>Corporate governance is the set of processes, regulations and institutions that regulate how AmstedMaxion and Greenbrier Maxion are administered. Here you will have access to our Code of Ethics and Manifestations, as well as to know the companies that are part of the group.<\/p>\n","protected":false},"excerpt":{"rendered":"<p>Corporate governance is the set of processes, regulations and institutions that regulate how AmstedMaxion and Greenbrier Maxion are administered. Here you will have access to our Code of Ethics and Manifestations, as well as to know the companies that are part of the group.<\/p>\n","protected":false},"author":6,"featured_media":0,"parent":0,"menu_order":1,"comment_status":"closed","ping_status":"closed","template":"page-governanca.php","meta":{"_acf_changed":false,"footnotes":""},"class_list":["post-689","page","type-page","status-publish","hentry"],"acf":[],"yoast_head":"<!-- This site is optimized with the Yoast SEO plugin v23.9 - https:\/\/yoast.com\/wordpress\/plugins\/seo\/ -->\n<title>Corporate Governance - AmstedMaxion<\/title>\n<meta name=\"robots\" content=\"index, follow, max-snippet:-1, max-image-preview:large, max-video-preview:-1\" \/>\n<link rel=\"canonical\" href=\"https:\/\/www.amstedmaxion.com.br\/governanca-corporativa\/\" \/>\n<meta property=\"og:locale\" content=\"en_US\" \/>\n<meta property=\"og:type\" content=\"article\" \/>\n<meta property=\"og:title\" content=\"Corporate Governance - AmstedMaxion\" \/>\n<meta property=\"og:description\" content=\"Corporate governance is the set of processes, regulations and institutions that regulate how AmstedMaxion and Greenbrier Maxion are administered. Here you will have access to our Code of Ethics and Manifestations, as well as to know the companies that are part of the group.\" \/>\n<meta property=\"og:url\" content=\"https:\/\/www.amstedmaxion.com.br\/governanca-corporativa\/\" \/>\n<meta property=\"og:site_name\" content=\"AmstedMaxion\" \/>\n<meta property=\"article:publisher\" content=\"https:\/\/www.facebook.com\/AmstedMaxion.Oficial\" \/>\n<meta property=\"article:modified_time\" content=\"2019-02-06T14:23:12+00:00\" \/>\n<meta property=\"og:image\" content=\"http:\/\/www.amstedmaxion.com.br\/wp-content\/uploads\/2018\/02\/fundicao-losango-azul-web-1.png\" \/>\n<meta name=\"twitter:card\" content=\"summary_large_image\" \/>\n<script type=\"application\/ld+json\" class=\"yoast-schema-graph\">{\"@context\":\"https:\/\/schema.org\",\"@graph\":[{\"@type\":\"WebPage\",\"@id\":\"https:\/\/www.amstedmaxion.com.br\/governanca-corporativa\/\",\"url\":\"https:\/\/www.amstedmaxion.com.br\/governanca-corporativa\/\",\"name\":\"Corporate Governance - AmstedMaxion\",\"isPartOf\":{\"@id\":\"https:\/\/www.amstedmaxion.com.br\/#website\"},\"primaryImageOfPage\":{\"@id\":\"https:\/\/www.amstedmaxion.com.br\/governanca-corporativa\/#primaryimage\"},\"image\":{\"@id\":\"https:\/\/www.amstedmaxion.com.br\/governanca-corporativa\/#primaryimage\"},\"thumbnailUrl\":\"http:\/\/www.amstedmaxion.com.br\/wp-content\/uploads\/2018\/02\/fundicao-losango-azul-web-1.png\",\"datePublished\":\"2017-10-24T16:53:10+00:00\",\"dateModified\":\"2019-02-06T14:23:12+00:00\",\"breadcrumb\":{\"@id\":\"https:\/\/www.amstedmaxion.com.br\/governanca-corporativa\/#breadcrumb\"},\"inLanguage\":\"en-US\",\"potentialAction\":[{\"@type\":\"ReadAction\",\"target\":[\"https:\/\/www.amstedmaxion.com.br\/governanca-corporativa\/\"]}]},{\"@type\":\"ImageObject\",\"inLanguage\":\"en-US\",\"@id\":\"https:\/\/www.amstedmaxion.com.br\/governanca-corporativa\/#primaryimage\",\"url\":\"http:\/\/www.amstedmaxion.com.br\/wp-content\/uploads\/2018\/02\/fundicao-losango-azul-web-1.png\",\"contentUrl\":\"http:\/\/www.amstedmaxion.com.br\/wp-content\/uploads\/2018\/02\/fundicao-losango-azul-web-1.png\"},{\"@type\":\"BreadcrumbList\",\"@id\":\"https:\/\/www.amstedmaxion.com.br\/governanca-corporativa\/#breadcrumb\",\"itemListElement\":[{\"@type\":\"ListItem\",\"position\":1,\"name\":\"In\u00edcio\",\"item\":\"https:\/\/www.amstedmaxion.com.br\/\"},{\"@type\":\"ListItem\",\"position\":2,\"name\":\"Corporate Governance\"}]},{\"@type\":\"WebSite\",\"@id\":\"https:\/\/www.amstedmaxion.com.br\/#website\",\"url\":\"https:\/\/www.amstedmaxion.com.br\/\",\"name\":\"AmstedMaxion\",\"description\":\"AmstedMaxion - Fundi\u00e7\u00e3o e Equipamentos Ferrovi\u00e1rios\",\"publisher\":{\"@id\":\"https:\/\/www.amstedmaxion.com.br\/#organization\"},\"alternateName\":\"AmstedMaxion\",\"potentialAction\":[{\"@type\":\"SearchAction\",\"target\":{\"@type\":\"EntryPoint\",\"urlTemplate\":\"https:\/\/www.amstedmaxion.com.br\/?s={search_term_string}\"},\"query-input\":{\"@type\":\"PropertyValueSpecification\",\"valueRequired\":true,\"valueName\":\"search_term_string\"}}],\"inLanguage\":\"en-US\"},{\"@type\":\"Organization\",\"@id\":\"https:\/\/www.amstedmaxion.com.br\/#organization\",\"name\":\"AMSTEDMAXION\",\"url\":\"https:\/\/www.amstedmaxion.com.br\/\",\"logo\":{\"@type\":\"ImageObject\",\"inLanguage\":\"en-US\",\"@id\":\"https:\/\/www.amstedmaxion.com.br\/#\/schema\/logo\/image\/\",\"url\":\"https:\/\/www.amstedmaxion.com.br\/wp-content\/uploads\/2023\/11\/amsted.png\",\"contentUrl\":\"https:\/\/www.amstedmaxion.com.br\/wp-content\/uploads\/2023\/11\/amsted.png\",\"width\":500,\"height\":500,\"caption\":\"AMSTEDMAXION\"},\"image\":{\"@id\":\"https:\/\/www.amstedmaxion.com.br\/#\/schema\/logo\/image\/\"},\"sameAs\":[\"https:\/\/www.facebook.com\/AmstedMaxion.Oficial\",\"https:\/\/br.linkedin.com\/company\/amstedmaxion\"]}]}<\/script>\n<!-- \/ Yoast SEO plugin. -->","yoast_head_json":{"title":"Corporate Governance - AmstedMaxion","robots":{"index":"index","follow":"follow","max-snippet":"max-snippet:-1","max-image-preview":"max-image-preview:large","max-video-preview":"max-video-preview:-1"},"canonical":"https:\/\/www.amstedmaxion.com.br\/governanca-corporativa\/","og_locale":"en_US","og_type":"article","og_title":"Corporate Governance - AmstedMaxion","og_description":"Corporate governance is the set of processes, regulations and institutions that regulate how AmstedMaxion and Greenbrier Maxion are administered. Here you will have access to our Code of Ethics and Manifestations, as well as to know the companies that are part of the group.","og_url":"https:\/\/www.amstedmaxion.com.br\/governanca-corporativa\/","og_site_name":"AmstedMaxion","article_publisher":"https:\/\/www.facebook.com\/AmstedMaxion.Oficial","article_modified_time":"2019-02-06T14:23:12+00:00","og_image":[{"url":"http:\/\/www.amstedmaxion.com.br\/wp-content\/uploads\/2018\/02\/fundicao-losango-azul-web-1.png"}],"twitter_card":"summary_large_image","schema":{"@context":"https:\/\/schema.org","@graph":[{"@type":"WebPage","@id":"https:\/\/www.amstedmaxion.com.br\/governanca-corporativa\/","url":"https:\/\/www.amstedmaxion.com.br\/governanca-corporativa\/","name":"Corporate Governance - AmstedMaxion","isPartOf":{"@id":"https:\/\/www.amstedmaxion.com.br\/#website"},"primaryImageOfPage":{"@id":"https:\/\/www.amstedmaxion.com.br\/governanca-corporativa\/#primaryimage"},"image":{"@id":"https:\/\/www.amstedmaxion.com.br\/governanca-corporativa\/#primaryimage"},"thumbnailUrl":"http:\/\/www.amstedmaxion.com.br\/wp-content\/uploads\/2018\/02\/fundicao-losango-azul-web-1.png","datePublished":"2017-10-24T16:53:10+00:00","dateModified":"2019-02-06T14:23:12+00:00","breadcrumb":{"@id":"https:\/\/www.amstedmaxion.com.br\/governanca-corporativa\/#breadcrumb"},"inLanguage":"en-US","potentialAction":[{"@type":"ReadAction","target":["https:\/\/www.amstedmaxion.com.br\/governanca-corporativa\/"]}]},{"@type":"ImageObject","inLanguage":"en-US","@id":"https:\/\/www.amstedmaxion.com.br\/governanca-corporativa\/#primaryimage","url":"http:\/\/www.amstedmaxion.com.br\/wp-content\/uploads\/2018\/02\/fundicao-losango-azul-web-1.png","contentUrl":"http:\/\/www.amstedmaxion.com.br\/wp-content\/uploads\/2018\/02\/fundicao-losango-azul-web-1.png"},{"@type":"BreadcrumbList","@id":"https:\/\/www.amstedmaxion.com.br\/governanca-corporativa\/#breadcrumb","itemListElement":[{"@type":"ListItem","position":1,"name":"In\u00edcio","item":"https:\/\/www.amstedmaxion.com.br\/"},{"@type":"ListItem","position":2,"name":"Corporate Governance"}]},{"@type":"WebSite","@id":"https:\/\/www.amstedmaxion.com.br\/#website","url":"https:\/\/www.amstedmaxion.com.br\/","name":"AmstedMaxion","description":"AmstedMaxion - Fundi\u00e7\u00e3o e Equipamentos Ferrovi\u00e1rios","publisher":{"@id":"https:\/\/www.amstedmaxion.com.br\/#organization"},"alternateName":"AmstedMaxion","potentialAction":[{"@type":"SearchAction","target":{"@type":"EntryPoint","urlTemplate":"https:\/\/www.amstedmaxion.com.br\/?s={search_term_string}"},"query-input":{"@type":"PropertyValueSpecification","valueRequired":true,"valueName":"search_term_string"}}],"inLanguage":"en-US"},{"@type":"Organization","@id":"https:\/\/www.amstedmaxion.com.br\/#organization","name":"AMSTEDMAXION","url":"https:\/\/www.amstedmaxion.com.br\/","logo":{"@type":"ImageObject","inLanguage":"en-US","@id":"https:\/\/www.amstedmaxion.com.br\/#\/schema\/logo\/image\/","url":"https:\/\/www.amstedmaxion.com.br\/wp-content\/uploads\/2023\/11\/amsted.png","contentUrl":"https:\/\/www.amstedmaxion.com.br\/wp-content\/uploads\/2023\/11\/amsted.png","width":500,"height":500,"caption":"AMSTEDMAXION"},"image":{"@id":"https:\/\/www.amstedmaxion.com.br\/#\/schema\/logo\/image\/"},"sameAs":["https:\/\/www.facebook.com\/AmstedMaxion.Oficial","https:\/\/br.linkedin.com\/company\/amstedmaxion"]}]}},"_links":{"self":[{"href":"https:\/\/www.amstedmaxion.com.br\/en\/wp-json\/wp\/v2\/pages\/689","targetHints":{"allow":["GET"]}}],"collection":[{"href":"https:\/\/www.amstedmaxion.com.br\/en\/wp-json\/wp\/v2\/pages"}],"about":[{"href":"https:\/\/www.amstedmaxion.com.br\/en\/wp-json\/wp\/v2\/types\/page"}],"author":[{"embeddable":true,"href":"https:\/\/www.amstedmaxion.com.br\/en\/wp-json\/wp\/v2\/users\/6"}],"replies":[{"embeddable":true,"href":"https:\/\/www.amstedmaxion.com.br\/en\/wp-json\/wp\/v2\/comments?post=689"}],"version-history":[{"count":2,"href":"https:\/\/www.amstedmaxion.com.br\/en\/wp-json\/wp\/v2\/pages\/689\/revisions"}],"predecessor-version":[{"id":5166,"href":"https:\/\/www.amstedmaxion.com.br\/en\/wp-json\/wp\/v2\/pages\/689\/revisions\/5166"}],"wp:attachment":[{"href":"https:\/\/www.amstedmaxion.com.br\/en\/wp-json\/wp\/v2\/media?parent=689"}],"curies":[{"name":"wp","href":"https:\/\/api.w.org\/{rel}","templated":true}]}}