{"id":756,"date":"2017-10-24T15:11:48","date_gmt":"2017-10-24T17:11:48","guid":{"rendered":"http:\/\/http:\/\/189.16.185.54\/?page_id=756"},"modified":"2019-02-19T08:47:24","modified_gmt":"2019-02-19T11:47:24","slug":"awards","status":"publish","type":"page","link":"https:\/\/www.amstedmaxion.com.br\/en\/about-us\/awards\/","title":{"rendered":"Awards"},"content":{"rendered":"<p>Our commitment with the continuous improvement of product and process quality, offering the best to the railway market, resulted in some important achievements Here on this page you can see some of them, in reverse order. Click on the years below to see older prizes received by our team: <\/p>\n<div class=\"accordion list-formatted\">\n<h3>2018<\/h3>\n<ul>\n<li>ABIFA Foundryman of the Year Award<\/li>\n<li>IT Professional Award<\/li>\n<li>Diamond Palm Award<\/li>\n<li>258th overall position among the 300 best companies in the country, 6th place in the Mining and Steel industry sectors, 3rd place in the field of &#8220;Future Vision&#8221;, 4th place in &#8220;Corporate Governance&#8221; and &#8220;People&#8221; and 9th place in &#8220;Sustainability&#8221; , in the \u00c9poca Neg\u00f3cios 360\u00b0 yearbook<\/li>\n<\/ul>\n<h3>2017<\/h3>\n<div>\n<ul>\n<li>Caterpillar PLATINUM Certification through SUPPLIER QUALITY EXCELLENCE PROCESS<\/li>\n<li>225th overall position in the Mechanical and Metallurgy sector, among the 300 best companies in the country, 2nd and 4th place in Corporate Governance and HR Practices, respectively in the Epoca Negocios 360\u00ba<\/li>\n<li>Among the 1000 Best and Largest 2017 of Exame Magazine<\/li>\n<\/ul>\n<\/div>\n<h3>2016<\/h3>\n<div>\n<ul>\n<li>Best Manufacturer of Cargo Vehicles \/ Railway Magazine Award<\/li>\n<li>Best Component Manufacturer for Rolling Stock \/ Railway Magazine Award<\/li>\n<li>3rd place in the category of vehicles and parts of the Valor 1000 Yearbook<\/li>\n<li>113th among the 300 best companies in the country at the Epoca Negocios 360\u00ba<\/li>\n<li>Among the 1000 Biggest and Best 2016 of Exame Magazine<\/li>\n<li>Best Company in the Railroad Industry Category of Transportation Biggest &amp; Best Yearbook 2016<\/li>\n<li>Recognition at the Latin American Quality Award 2016<\/li>\n<li>Caterpillar&#8217;s SILVER certification through SUPPLER QUALITY EXCELLENCE PROCESS<\/li>\n<\/ul>\n<\/div>\n<h3>2015<\/h3>\n<ul>\n<li>TOP OF BUSINESS Award \/ Top of Business Magazine<\/li>\n<li>Certification SUPPLIER QUALITY EXCELLENCE PROCESS Caterpillar<\/li>\n<\/ul>\n<h3>2014<\/h3>\n<div>\n<ul>\n<li>Recognition certificate Vale&#8217;s Greenhouse Gas Management<\/li>\n<\/ul>\n<\/div>\n<h3>2013<\/h3>\n<div>\n<ul>\n<li>Best Component Manufacturer for Rolling Stock \/ Railway Magazine Award<\/li>\n<\/ul>\n<\/div>\n<h3>2012<\/h3>\n<ul>\n<li>Best Component Manufacturer for Rolling Stock \/ Railway Magazine Award<\/li>\n<li>Top supplier in the category Rolling Stock \/ MRS Log\u00edstica<\/li>\n<li>Supplier &#8220;score 5&#8221; \/ Caterpillar Brazil<\/li>\n<\/ul>\n<h3>2011<\/h3>\n<div>\n<ul>\n<li>Best Cargo Equipment Industry \/ Railway Magazine Award<\/li>\n<\/ul>\n<\/div>\n<h3>2010<\/h3>\n<div>\n<ul>\n<li>Best Cargo Equipment Industry \/ Railway Magazine Award<\/li>\n<\/ul>\n<\/div>\n<h3>2009<\/h3>\n<div>\n<ul>\n<li>Best Industry \/ Railway Magazine Award<\/li>\n<\/ul>\n<\/div>\n<h3>2008<\/h3>\n<ul>\n<li>\u201cQuality of Business International\u201d Award<\/li>\n<li>Best Industry \/ Railway Magazine Award<\/li>\n<\/ul>\n<h3>2007<\/h3>\n<ul>\n<li>Top Quality Award<\/li>\n<li>Railway Prize of the Year &#8211; Ivoncy Ioschpe \/ Railway Magazine Award<\/li>\n<\/ul>\n<h3>2006<\/h3>\n<ul>\n<li>Best Steel Company \/ EXAME<\/li>\n<li>Best of the Railway Industry \/ Modern Transportation Magazine<\/li>\n<li>Best Supplier Award Partner Champion \/ ALL<\/li>\n<li>Top Featured Supplier of the State of Minas Gerais \/ CVRD<\/li>\n<\/ul>\n<h3>2005<\/h3>\n<div>\n<ul>\n<li>Best Railway Industry \/ Railway Magazine Award<\/li>\n<\/ul>\n<\/div>\n<h3>2004<\/h3>\n<div>\n<ul>\n<li>Best Railway Industry \/ Railway Magazine Award<\/li>\n<\/ul>\n<\/div>\n<\/div>\n","protected":false},"excerpt":{"rendered":"<p>Our commitment with the continuous improvement of product and process quality, offering the best to the railway market, resulted in some important achievements Here on this page you can see some of them, in reverse order. Click on the years below to see older prizes received by our team: 2018 ABIFA Foundryman of the Year [&hellip;]<\/p>\n","protected":false},"author":6,"featured_media":0,"parent":664,"menu_order":2,"comment_status":"closed","ping_status":"closed","template":"","meta":{"_acf_changed":false,"footnotes":""},"class_list":["post-756","page","type-page","status-publish","hentry"],"acf":[],"yoast_head":"<!-- This site is optimized with the Yoast SEO plugin v23.9 - https:\/\/yoast.com\/wordpress\/plugins\/seo\/ -->\n<title>Awards - AmstedMaxion<\/title>\n<meta name=\"robots\" content=\"index, follow, max-snippet:-1, max-image-preview:large, max-video-preview:-1\" \/>\n<link rel=\"canonical\" href=\"https:\/\/www.amstedmaxion.com.br\/quem-somos\/premios-e-conquistas\/\" \/>\n<meta property=\"og:locale\" content=\"en_US\" \/>\n<meta property=\"og:type\" content=\"article\" \/>\n<meta property=\"og:title\" content=\"Awards - AmstedMaxion\" \/>\n<meta property=\"og:description\" content=\"Our commitment with the continuous improvement of product and process quality, offering the best to the railway market, resulted in some important achievements Here on this page you can see some of them, in reverse order. Click on the years below to see older prizes received by our team: 2018 ABIFA Foundryman of the Year [&hellip;]\" \/>\n<meta property=\"og:url\" content=\"https:\/\/www.amstedmaxion.com.br\/quem-somos\/premios-e-conquistas\/\" \/>\n<meta property=\"og:site_name\" content=\"AmstedMaxion\" \/>\n<meta property=\"article:publisher\" content=\"https:\/\/www.facebook.com\/AmstedMaxion.Oficial\" \/>\n<meta property=\"article:modified_time\" content=\"2019-02-19T11:47:24+00:00\" \/>\n<meta name=\"twitter:card\" content=\"summary_large_image\" \/>\n<meta name=\"twitter:label1\" content=\"Est. reading time\" \/>\n\t<meta name=\"twitter:data1\" content=\"2 minutes\" \/>\n<script type=\"application\/ld+json\" class=\"yoast-schema-graph\">{\"@context\":\"https:\/\/schema.org\",\"@graph\":[{\"@type\":\"WebPage\",\"@id\":\"https:\/\/www.amstedmaxion.com.br\/quem-somos\/premios-e-conquistas\/\",\"url\":\"https:\/\/www.amstedmaxion.com.br\/quem-somos\/premios-e-conquistas\/\",\"name\":\"Awards - AmstedMaxion\",\"isPartOf\":{\"@id\":\"https:\/\/www.amstedmaxion.com.br\/#website\"},\"datePublished\":\"2017-10-24T17:11:48+00:00\",\"dateModified\":\"2019-02-19T11:47:24+00:00\",\"breadcrumb\":{\"@id\":\"https:\/\/www.amstedmaxion.com.br\/quem-somos\/premios-e-conquistas\/#breadcrumb\"},\"inLanguage\":\"en-US\",\"potentialAction\":[{\"@type\":\"ReadAction\",\"target\":[\"https:\/\/www.amstedmaxion.com.br\/quem-somos\/premios-e-conquistas\/\"]}]},{\"@type\":\"BreadcrumbList\",\"@id\":\"https:\/\/www.amstedmaxion.com.br\/quem-somos\/premios-e-conquistas\/#breadcrumb\",\"itemListElement\":[{\"@type\":\"ListItem\",\"position\":1,\"name\":\"In\u00edcio\",\"item\":\"https:\/\/www.amstedmaxion.com.br\/\"},{\"@type\":\"ListItem\",\"position\":2,\"name\":\"About Us\",\"item\":\"https:\/\/www.amstedmaxion.com.br\/en\/about-us\/\"},{\"@type\":\"ListItem\",\"position\":3,\"name\":\"Awards\"}]},{\"@type\":\"WebSite\",\"@id\":\"https:\/\/www.amstedmaxion.com.br\/#website\",\"url\":\"https:\/\/www.amstedmaxion.com.br\/\",\"name\":\"AmstedMaxion\",\"description\":\"AmstedMaxion - Fundi\u00e7\u00e3o e Equipamentos Ferrovi\u00e1rios\",\"publisher\":{\"@id\":\"https:\/\/www.amstedmaxion.com.br\/#organization\"},\"alternateName\":\"AmstedMaxion\",\"potentialAction\":[{\"@type\":\"SearchAction\",\"target\":{\"@type\":\"EntryPoint\",\"urlTemplate\":\"https:\/\/www.amstedmaxion.com.br\/?s={search_term_string}\"},\"query-input\":{\"@type\":\"PropertyValueSpecification\",\"valueRequired\":true,\"valueName\":\"search_term_string\"}}],\"inLanguage\":\"en-US\"},{\"@type\":\"Organization\",\"@id\":\"https:\/\/www.amstedmaxion.com.br\/#organization\",\"name\":\"AMSTEDMAXION\",\"url\":\"https:\/\/www.amstedmaxion.com.br\/\",\"logo\":{\"@type\":\"ImageObject\",\"inLanguage\":\"en-US\",\"@id\":\"https:\/\/www.amstedmaxion.com.br\/#\/schema\/logo\/image\/\",\"url\":\"https:\/\/www.amstedmaxion.com.br\/wp-content\/uploads\/2023\/11\/amsted.png\",\"contentUrl\":\"https:\/\/www.amstedmaxion.com.br\/wp-content\/uploads\/2023\/11\/amsted.png\",\"width\":500,\"height\":500,\"caption\":\"AMSTEDMAXION\"},\"image\":{\"@id\":\"https:\/\/www.amstedmaxion.com.br\/#\/schema\/logo\/image\/\"},\"sameAs\":[\"https:\/\/www.facebook.com\/AmstedMaxion.Oficial\",\"https:\/\/br.linkedin.com\/company\/amstedmaxion\"]}]}<\/script>\n<!-- \/ Yoast SEO plugin. -->","yoast_head_json":{"title":"Awards - AmstedMaxion","robots":{"index":"index","follow":"follow","max-snippet":"max-snippet:-1","max-image-preview":"max-image-preview:large","max-video-preview":"max-video-preview:-1"},"canonical":"https:\/\/www.amstedmaxion.com.br\/quem-somos\/premios-e-conquistas\/","og_locale":"en_US","og_type":"article","og_title":"Awards - AmstedMaxion","og_description":"Our commitment with the continuous improvement of product and process quality, offering the best to the railway market, resulted in some important achievements Here on this page you can see some of them, in reverse order. Click on the years below to see older prizes received by our team: 2018 ABIFA Foundryman of the Year [&hellip;]","og_url":"https:\/\/www.amstedmaxion.com.br\/quem-somos\/premios-e-conquistas\/","og_site_name":"AmstedMaxion","article_publisher":"https:\/\/www.facebook.com\/AmstedMaxion.Oficial","article_modified_time":"2019-02-19T11:47:24+00:00","twitter_card":"summary_large_image","twitter_misc":{"Est. reading time":"2 minutes"},"schema":{"@context":"https:\/\/schema.org","@graph":[{"@type":"WebPage","@id":"https:\/\/www.amstedmaxion.com.br\/quem-somos\/premios-e-conquistas\/","url":"https:\/\/www.amstedmaxion.com.br\/quem-somos\/premios-e-conquistas\/","name":"Awards - AmstedMaxion","isPartOf":{"@id":"https:\/\/www.amstedmaxion.com.br\/#website"},"datePublished":"2017-10-24T17:11:48+00:00","dateModified":"2019-02-19T11:47:24+00:00","breadcrumb":{"@id":"https:\/\/www.amstedmaxion.com.br\/quem-somos\/premios-e-conquistas\/#breadcrumb"},"inLanguage":"en-US","potentialAction":[{"@type":"ReadAction","target":["https:\/\/www.amstedmaxion.com.br\/quem-somos\/premios-e-conquistas\/"]}]},{"@type":"BreadcrumbList","@id":"https:\/\/www.amstedmaxion.com.br\/quem-somos\/premios-e-conquistas\/#breadcrumb","itemListElement":[{"@type":"ListItem","position":1,"name":"In\u00edcio","item":"https:\/\/www.amstedmaxion.com.br\/"},{"@type":"ListItem","position":2,"name":"About Us","item":"https:\/\/www.amstedmaxion.com.br\/en\/about-us\/"},{"@type":"ListItem","position":3,"name":"Awards"}]},{"@type":"WebSite","@id":"https:\/\/www.amstedmaxion.com.br\/#website","url":"https:\/\/www.amstedmaxion.com.br\/","name":"AmstedMaxion","description":"AmstedMaxion - Fundi\u00e7\u00e3o e Equipamentos Ferrovi\u00e1rios","publisher":{"@id":"https:\/\/www.amstedmaxion.com.br\/#organization"},"alternateName":"AmstedMaxion","potentialAction":[{"@type":"SearchAction","target":{"@type":"EntryPoint","urlTemplate":"https:\/\/www.amstedmaxion.com.br\/?s={search_term_string}"},"query-input":{"@type":"PropertyValueSpecification","valueRequired":true,"valueName":"search_term_string"}}],"inLanguage":"en-US"},{"@type":"Organization","@id":"https:\/\/www.amstedmaxion.com.br\/#organization","name":"AMSTEDMAXION","url":"https:\/\/www.amstedmaxion.com.br\/","logo":{"@type":"ImageObject","inLanguage":"en-US","@id":"https:\/\/www.amstedmaxion.com.br\/#\/schema\/logo\/image\/","url":"https:\/\/www.amstedmaxion.com.br\/wp-content\/uploads\/2023\/11\/amsted.png","contentUrl":"https:\/\/www.amstedmaxion.com.br\/wp-content\/uploads\/2023\/11\/amsted.png","width":500,"height":500,"caption":"AMSTEDMAXION"},"image":{"@id":"https:\/\/www.amstedmaxion.com.br\/#\/schema\/logo\/image\/"},"sameAs":["https:\/\/www.facebook.com\/AmstedMaxion.Oficial","https:\/\/br.linkedin.com\/company\/amstedmaxion"]}]}},"_links":{"self":[{"href":"https:\/\/www.amstedmaxion.com.br\/en\/wp-json\/wp\/v2\/pages\/756","targetHints":{"allow":["GET"]}}],"collection":[{"href":"https:\/\/www.amstedmaxion.com.br\/en\/wp-json\/wp\/v2\/pages"}],"about":[{"href":"https:\/\/www.amstedmaxion.com.br\/en\/wp-json\/wp\/v2\/types\/page"}],"author":[{"embeddable":true,"href":"https:\/\/www.amstedmaxion.com.br\/en\/wp-json\/wp\/v2\/users\/6"}],"replies":[{"embeddable":true,"href":"https:\/\/www.amstedmaxion.com.br\/en\/wp-json\/wp\/v2\/comments?post=756"}],"version-history":[{"count":15,"href":"https:\/\/www.amstedmaxion.com.br\/en\/wp-json\/wp\/v2\/pages\/756\/revisions"}],"predecessor-version":[{"id":5252,"href":"https:\/\/www.amstedmaxion.com.br\/en\/wp-json\/wp\/v2\/pages\/756\/revisions\/5252"}],"up":[{"embeddable":true,"href":"https:\/\/www.amstedmaxion.com.br\/en\/wp-json\/wp\/v2\/pages\/664"}],"wp:attachment":[{"href":"https:\/\/www.amstedmaxion.com.br\/en\/wp-json\/wp\/v2\/media?parent=756"}],"curies":[{"name":"wp","href":"https:\/\/api.w.org\/{rel}","templated":true}]}}