{"id":760,"date":"2017-10-24T15:14:25","date_gmt":"2017-10-24T17:14:25","guid":{"rendered":"http:\/\/http:\/\/189.16.185.54\/?page_id=760"},"modified":"2019-02-19T11:04:56","modified_gmt":"2019-02-19T14:04:56","slug":"technology-and-innovation","status":"publish","type":"page","link":"https:\/\/www.amstedmaxion.com.br\/en\/about-us\/technology-and-innovation\/","title":{"rendered":"Technology and Innovation"},"content":{"rendered":"<div class=\"list-formatted\">\n<p>All of its processes were carried out by the use of the most advanced technology in its segments, through its own resources and also the transfer of technology and exchange of expertise with renowned companies.<br \/>\nInvestments in technological resources and technical training make our team one of the most conceptualized worldwide, guaranteeing credibility and quality in their products and services.<\/p>\n<h4>Product Development Tools<\/h4>\n<ul>\n<li>Using advanced tools  specially the Magma (casting process) and FEA .\n<\/li>\n<\/ul>\n<h4>Process Improvement Tools<\/h4>\n<ul>\n<li>With the use of dynamic simulation tools:<br \/>\nAFS (solidification) and Promodel (flow of processes).<\/p>\n<\/li>\n<\/ul>\n<h4>Technological Agreements<\/h4>\n<ul>\n<li>Companies from Amsted Rail group\n<\/li>\n<li>Universities and Research Institutes<\/li>\n<\/ul>\n<p>&nbsp;<\/p>\n<\/div>\n<p>&nbsp;<\/p>\n","protected":false},"excerpt":{"rendered":"<p>All of its processes were carried out by the use of the most advanced technology in its segments, through its own resources and also the transfer of technology and exchange of expertise with renowned companies. Investments in technological resources and technical training make our team one of the most conceptualized worldwide, guaranteeing credibility and quality [&hellip;]<\/p>\n","protected":false},"author":6,"featured_media":0,"parent":664,"menu_order":6,"comment_status":"closed","ping_status":"closed","template":"","meta":{"_acf_changed":false,"footnotes":""},"class_list":["post-760","page","type-page","status-publish","hentry"],"acf":[],"yoast_head":"<!-- This site is optimized with the Yoast SEO plugin v23.9 - https:\/\/yoast.com\/wordpress\/plugins\/seo\/ -->\n<title>Technology and Innovation - AmstedMaxion<\/title>\n<meta name=\"robots\" content=\"index, follow, max-snippet:-1, max-image-preview:large, max-video-preview:-1\" \/>\n<link rel=\"canonical\" href=\"https:\/\/www.amstedmaxion.com.br\/en\/about-us\/technology-and-innovation\/\" \/>\n<meta property=\"og:locale\" content=\"en_US\" \/>\n<meta property=\"og:type\" content=\"article\" \/>\n<meta property=\"og:title\" content=\"Technology and Innovation - AmstedMaxion\" \/>\n<meta property=\"og:description\" content=\"All of its processes were carried out by the use of the most advanced technology in its segments, through its own resources and also the transfer of technology and exchange of expertise with renowned companies. Investments in technological resources and technical training make our team one of the most conceptualized worldwide, guaranteeing credibility and quality [&hellip;]\" \/>\n<meta property=\"og:url\" content=\"https:\/\/www.amstedmaxion.com.br\/en\/about-us\/technology-and-innovation\/\" \/>\n<meta property=\"og:site_name\" content=\"AmstedMaxion\" \/>\n<meta property=\"article:publisher\" content=\"https:\/\/www.facebook.com\/AmstedMaxion.Oficial\" \/>\n<meta property=\"article:modified_time\" content=\"2019-02-19T14:04:56+00:00\" \/>\n<meta name=\"twitter:card\" content=\"summary_large_image\" \/>\n<meta name=\"twitter:label1\" content=\"Est. reading time\" \/>\n\t<meta name=\"twitter:data1\" content=\"1 minute\" \/>\n<script type=\"application\/ld+json\" class=\"yoast-schema-graph\">{\"@context\":\"https:\/\/schema.org\",\"@graph\":[{\"@type\":\"WebPage\",\"@id\":\"https:\/\/www.amstedmaxion.com.br\/en\/about-us\/technology-and-innovation\/\",\"url\":\"https:\/\/www.amstedmaxion.com.br\/en\/about-us\/technology-and-innovation\/\",\"name\":\"Technology and Innovation - AmstedMaxion\",\"isPartOf\":{\"@id\":\"https:\/\/www.amstedmaxion.com.br\/#website\"},\"datePublished\":\"2017-10-24T17:14:25+00:00\",\"dateModified\":\"2019-02-19T14:04:56+00:00\",\"breadcrumb\":{\"@id\":\"https:\/\/www.amstedmaxion.com.br\/en\/about-us\/technology-and-innovation\/#breadcrumb\"},\"inLanguage\":\"en-US\",\"potentialAction\":[{\"@type\":\"ReadAction\",\"target\":[\"https:\/\/www.amstedmaxion.com.br\/en\/about-us\/technology-and-innovation\/\"]}]},{\"@type\":\"BreadcrumbList\",\"@id\":\"https:\/\/www.amstedmaxion.com.br\/en\/about-us\/technology-and-innovation\/#breadcrumb\",\"itemListElement\":[{\"@type\":\"ListItem\",\"position\":1,\"name\":\"In\u00edcio\",\"item\":\"https:\/\/www.amstedmaxion.com.br\/\"},{\"@type\":\"ListItem\",\"position\":2,\"name\":\"About Us\",\"item\":\"https:\/\/www.amstedmaxion.com.br\/en\/about-us\/\"},{\"@type\":\"ListItem\",\"position\":3,\"name\":\"Technology and Innovation\"}]},{\"@type\":\"WebSite\",\"@id\":\"https:\/\/www.amstedmaxion.com.br\/#website\",\"url\":\"https:\/\/www.amstedmaxion.com.br\/\",\"name\":\"AmstedMaxion\",\"description\":\"AmstedMaxion - Fundi\u00e7\u00e3o e Equipamentos Ferrovi\u00e1rios\",\"publisher\":{\"@id\":\"https:\/\/www.amstedmaxion.com.br\/#organization\"},\"alternateName\":\"AmstedMaxion\",\"potentialAction\":[{\"@type\":\"SearchAction\",\"target\":{\"@type\":\"EntryPoint\",\"urlTemplate\":\"https:\/\/www.amstedmaxion.com.br\/?s={search_term_string}\"},\"query-input\":{\"@type\":\"PropertyValueSpecification\",\"valueRequired\":true,\"valueName\":\"search_term_string\"}}],\"inLanguage\":\"en-US\"},{\"@type\":\"Organization\",\"@id\":\"https:\/\/www.amstedmaxion.com.br\/#organization\",\"name\":\"AMSTEDMAXION\",\"url\":\"https:\/\/www.amstedmaxion.com.br\/\",\"logo\":{\"@type\":\"ImageObject\",\"inLanguage\":\"en-US\",\"@id\":\"https:\/\/www.amstedmaxion.com.br\/#\/schema\/logo\/image\/\",\"url\":\"https:\/\/www.amstedmaxion.com.br\/wp-content\/uploads\/2023\/11\/amsted.png\",\"contentUrl\":\"https:\/\/www.amstedmaxion.com.br\/wp-content\/uploads\/2023\/11\/amsted.png\",\"width\":500,\"height\":500,\"caption\":\"AMSTEDMAXION\"},\"image\":{\"@id\":\"https:\/\/www.amstedmaxion.com.br\/#\/schema\/logo\/image\/\"},\"sameAs\":[\"https:\/\/www.facebook.com\/AmstedMaxion.Oficial\",\"https:\/\/br.linkedin.com\/company\/amstedmaxion\"]}]}<\/script>\n<!-- \/ Yoast SEO plugin. -->","yoast_head_json":{"title":"Technology and Innovation - AmstedMaxion","robots":{"index":"index","follow":"follow","max-snippet":"max-snippet:-1","max-image-preview":"max-image-preview:large","max-video-preview":"max-video-preview:-1"},"canonical":"https:\/\/www.amstedmaxion.com.br\/en\/about-us\/technology-and-innovation\/","og_locale":"en_US","og_type":"article","og_title":"Technology and Innovation - AmstedMaxion","og_description":"All of its processes were carried out by the use of the most advanced technology in its segments, through its own resources and also the transfer of technology and exchange of expertise with renowned companies. Investments in technological resources and technical training make our team one of the most conceptualized worldwide, guaranteeing credibility and quality [&hellip;]","og_url":"https:\/\/www.amstedmaxion.com.br\/en\/about-us\/technology-and-innovation\/","og_site_name":"AmstedMaxion","article_publisher":"https:\/\/www.facebook.com\/AmstedMaxion.Oficial","article_modified_time":"2019-02-19T14:04:56+00:00","twitter_card":"summary_large_image","twitter_misc":{"Est. reading time":"1 minute"},"schema":{"@context":"https:\/\/schema.org","@graph":[{"@type":"WebPage","@id":"https:\/\/www.amstedmaxion.com.br\/en\/about-us\/technology-and-innovation\/","url":"https:\/\/www.amstedmaxion.com.br\/en\/about-us\/technology-and-innovation\/","name":"Technology and Innovation - AmstedMaxion","isPartOf":{"@id":"https:\/\/www.amstedmaxion.com.br\/#website"},"datePublished":"2017-10-24T17:14:25+00:00","dateModified":"2019-02-19T14:04:56+00:00","breadcrumb":{"@id":"https:\/\/www.amstedmaxion.com.br\/en\/about-us\/technology-and-innovation\/#breadcrumb"},"inLanguage":"en-US","potentialAction":[{"@type":"ReadAction","target":["https:\/\/www.amstedmaxion.com.br\/en\/about-us\/technology-and-innovation\/"]}]},{"@type":"BreadcrumbList","@id":"https:\/\/www.amstedmaxion.com.br\/en\/about-us\/technology-and-innovation\/#breadcrumb","itemListElement":[{"@type":"ListItem","position":1,"name":"In\u00edcio","item":"https:\/\/www.amstedmaxion.com.br\/"},{"@type":"ListItem","position":2,"name":"About Us","item":"https:\/\/www.amstedmaxion.com.br\/en\/about-us\/"},{"@type":"ListItem","position":3,"name":"Technology and Innovation"}]},{"@type":"WebSite","@id":"https:\/\/www.amstedmaxion.com.br\/#website","url":"https:\/\/www.amstedmaxion.com.br\/","name":"AmstedMaxion","description":"AmstedMaxion - Fundi\u00e7\u00e3o e Equipamentos Ferrovi\u00e1rios","publisher":{"@id":"https:\/\/www.amstedmaxion.com.br\/#organization"},"alternateName":"AmstedMaxion","potentialAction":[{"@type":"SearchAction","target":{"@type":"EntryPoint","urlTemplate":"https:\/\/www.amstedmaxion.com.br\/?s={search_term_string}"},"query-input":{"@type":"PropertyValueSpecification","valueRequired":true,"valueName":"search_term_string"}}],"inLanguage":"en-US"},{"@type":"Organization","@id":"https:\/\/www.amstedmaxion.com.br\/#organization","name":"AMSTEDMAXION","url":"https:\/\/www.amstedmaxion.com.br\/","logo":{"@type":"ImageObject","inLanguage":"en-US","@id":"https:\/\/www.amstedmaxion.com.br\/#\/schema\/logo\/image\/","url":"https:\/\/www.amstedmaxion.com.br\/wp-content\/uploads\/2023\/11\/amsted.png","contentUrl":"https:\/\/www.amstedmaxion.com.br\/wp-content\/uploads\/2023\/11\/amsted.png","width":500,"height":500,"caption":"AMSTEDMAXION"},"image":{"@id":"https:\/\/www.amstedmaxion.com.br\/#\/schema\/logo\/image\/"},"sameAs":["https:\/\/www.facebook.com\/AmstedMaxion.Oficial","https:\/\/br.linkedin.com\/company\/amstedmaxion"]}]}},"_links":{"self":[{"href":"https:\/\/www.amstedmaxion.com.br\/en\/wp-json\/wp\/v2\/pages\/760","targetHints":{"allow":["GET"]}}],"collection":[{"href":"https:\/\/www.amstedmaxion.com.br\/en\/wp-json\/wp\/v2\/pages"}],"about":[{"href":"https:\/\/www.amstedmaxion.com.br\/en\/wp-json\/wp\/v2\/types\/page"}],"author":[{"embeddable":true,"href":"https:\/\/www.amstedmaxion.com.br\/en\/wp-json\/wp\/v2\/users\/6"}],"replies":[{"embeddable":true,"href":"https:\/\/www.amstedmaxion.com.br\/en\/wp-json\/wp\/v2\/comments?post=760"}],"version-history":[{"count":10,"href":"https:\/\/www.amstedmaxion.com.br\/en\/wp-json\/wp\/v2\/pages\/760\/revisions"}],"predecessor-version":[{"id":5265,"href":"https:\/\/www.amstedmaxion.com.br\/en\/wp-json\/wp\/v2\/pages\/760\/revisions\/5265"}],"up":[{"embeddable":true,"href":"https:\/\/www.amstedmaxion.com.br\/en\/wp-json\/wp\/v2\/pages\/664"}],"wp:attachment":[{"href":"https:\/\/www.amstedmaxion.com.br\/en\/wp-json\/wp\/v2\/media?parent=760"}],"curies":[{"name":"wp","href":"https:\/\/api.w.org\/{rel}","templated":true}]}}