{"id":767,"date":"2017-10-24T15:25:05","date_gmt":"2017-10-24T17:25:05","guid":{"rendered":"http:\/\/http:\/\/189.16.185.54\/?page_id=767"},"modified":"2019-02-05T15:54:03","modified_gmt":"2019-02-05T17:54:03","slug":"mission-vision-values","status":"publish","type":"page","link":"https:\/\/www.amstedmaxion.com.br\/en\/about-us\/mission-vision-values\/","title":{"rendered":"Mission | Vision | Values"},"content":{"rendered":"<div class=\"list-formatted\">\n<div class=\"row\">\n<div class=\"col-md-6\">\n<div class=\"row\">\n<h1 class=\"title-top\">Mission<\/h1>\n<p>We develop and employ our knowledge by proposing innovative, complete and integrated solutions that, throughout their cycle, are capable of:<\/p>\n<ul>\n<li>Stimulating our teams.<\/li>\n<li>Creating success for our customers.<\/li>\n<li>Respecting the environment and the community.<\/li>\n<li>Ensuring business sustainability<\/li>\n<\/ul>\n<\/div>\n<div class=\"row\">\n<h1 class=\"title-top\">Vision<\/h1>\n<p>Being the first choice for the railway, foundry and services markets.<\/p>\n<\/div>\n<\/div>\n<div class=\"col-md-6\">\n<h1 class=\"title-top\">Values<\/h1>\n<p><i class=\"fa fa-check\" style=\"color: #1D1F50; font-size: 20px;\" aria-hidden=\"true\"><\/i> Excellence<\/p>\n<p><i class=\"fa fa-check\" style=\"color: #1D1F50; font-size: 20px;\" aria-hidden=\"true\"><\/i> Commitment with ethics<\/p>\n<p><i class=\"fa fa-check\" style=\"color: #1D1F50; font-size: 20px;\" aria-hidden=\"true\"><\/i> Creative development<\/p>\n<p><i class=\"fa fa-check\" style=\"color: #1D1F50; font-size: 20px;\" aria-hidden=\"true\"><\/i> Respect for people<\/p>\n<p><i class=\"fa fa-check\" style=\"color: #1D1F50; font-size: 20px;\" aria-hidden=\"true\"><\/i> Safety Commitment.<\/p>\n<p><i class=\"fa fa-check\" style=\"color: #1D1F50; font-size: 20px;\" aria-hidden=\"true\"><\/i> Social Sustainability<\/p>\n<\/div>\n<\/div>\n<\/div>\n","protected":false},"excerpt":{"rendered":"<p>Mission We develop and employ our knowledge by proposing innovative, complete and integrated solutions that, throughout their cycle, are capable of: Stimulating our teams. Creating success for our customers. Respecting the environment and the community. Ensuring business sustainability Vision Being the first choice for the railway, foundry and services markets. Values Excellence Commitment with ethics [&hellip;]<\/p>\n","protected":false},"author":6,"featured_media":0,"parent":664,"menu_order":1,"comment_status":"closed","ping_status":"closed","template":"","meta":{"_acf_changed":false,"footnotes":""},"class_list":["post-767","page","type-page","status-publish","hentry"],"acf":[],"yoast_head":"<!-- This site is optimized with the Yoast SEO plugin v23.9 - https:\/\/yoast.com\/wordpress\/plugins\/seo\/ -->\n<title>Mission | Vision | Values - AmstedMaxion<\/title>\n<meta name=\"robots\" content=\"index, follow, max-snippet:-1, max-image-preview:large, max-video-preview:-1\" \/>\n<link rel=\"canonical\" href=\"https:\/\/www.amstedmaxion.com.br\/en\/about-us\/mission-vision-values\/\" \/>\n<meta property=\"og:locale\" content=\"en_US\" \/>\n<meta property=\"og:type\" content=\"article\" \/>\n<meta property=\"og:title\" content=\"Mission | Vision | Values - AmstedMaxion\" \/>\n<meta property=\"og:description\" content=\"Mission We develop and employ our knowledge by proposing innovative, complete and integrated solutions that, throughout their cycle, are capable of: Stimulating our teams. Creating success for our customers. Respecting the environment and the community. Ensuring business sustainability Vision Being the first choice for the railway, foundry and services markets. Values Excellence Commitment with ethics [&hellip;]\" \/>\n<meta property=\"og:url\" content=\"https:\/\/www.amstedmaxion.com.br\/en\/about-us\/mission-vision-values\/\" \/>\n<meta property=\"og:site_name\" content=\"AmstedMaxion\" \/>\n<meta property=\"article:publisher\" content=\"https:\/\/www.facebook.com\/AmstedMaxion.Oficial\" \/>\n<meta property=\"article:modified_time\" content=\"2019-02-05T17:54:03+00:00\" \/>\n<meta name=\"twitter:card\" content=\"summary_large_image\" \/>\n<script type=\"application\/ld+json\" class=\"yoast-schema-graph\">{\"@context\":\"https:\/\/schema.org\",\"@graph\":[{\"@type\":\"WebPage\",\"@id\":\"https:\/\/www.amstedmaxion.com.br\/en\/about-us\/mission-vision-values\/\",\"url\":\"https:\/\/www.amstedmaxion.com.br\/en\/about-us\/mission-vision-values\/\",\"name\":\"Mission | Vision | Values - AmstedMaxion\",\"isPartOf\":{\"@id\":\"https:\/\/www.amstedmaxion.com.br\/#website\"},\"datePublished\":\"2017-10-24T17:25:05+00:00\",\"dateModified\":\"2019-02-05T17:54:03+00:00\",\"breadcrumb\":{\"@id\":\"https:\/\/www.amstedmaxion.com.br\/en\/about-us\/mission-vision-values\/#breadcrumb\"},\"inLanguage\":\"en-US\",\"potentialAction\":[{\"@type\":\"ReadAction\",\"target\":[\"https:\/\/www.amstedmaxion.com.br\/en\/about-us\/mission-vision-values\/\"]}]},{\"@type\":\"BreadcrumbList\",\"@id\":\"https:\/\/www.amstedmaxion.com.br\/en\/about-us\/mission-vision-values\/#breadcrumb\",\"itemListElement\":[{\"@type\":\"ListItem\",\"position\":1,\"name\":\"In\u00edcio\",\"item\":\"https:\/\/www.amstedmaxion.com.br\/\"},{\"@type\":\"ListItem\",\"position\":2,\"name\":\"About Us\",\"item\":\"https:\/\/www.amstedmaxion.com.br\/en\/about-us\/\"},{\"@type\":\"ListItem\",\"position\":3,\"name\":\"Mission | Vision | Values\"}]},{\"@type\":\"WebSite\",\"@id\":\"https:\/\/www.amstedmaxion.com.br\/#website\",\"url\":\"https:\/\/www.amstedmaxion.com.br\/\",\"name\":\"AmstedMaxion\",\"description\":\"AmstedMaxion - Fundi\u00e7\u00e3o e Equipamentos Ferrovi\u00e1rios\",\"publisher\":{\"@id\":\"https:\/\/www.amstedmaxion.com.br\/#organization\"},\"alternateName\":\"AmstedMaxion\",\"potentialAction\":[{\"@type\":\"SearchAction\",\"target\":{\"@type\":\"EntryPoint\",\"urlTemplate\":\"https:\/\/www.amstedmaxion.com.br\/?s={search_term_string}\"},\"query-input\":{\"@type\":\"PropertyValueSpecification\",\"valueRequired\":true,\"valueName\":\"search_term_string\"}}],\"inLanguage\":\"en-US\"},{\"@type\":\"Organization\",\"@id\":\"https:\/\/www.amstedmaxion.com.br\/#organization\",\"name\":\"AMSTEDMAXION\",\"url\":\"https:\/\/www.amstedmaxion.com.br\/\",\"logo\":{\"@type\":\"ImageObject\",\"inLanguage\":\"en-US\",\"@id\":\"https:\/\/www.amstedmaxion.com.br\/#\/schema\/logo\/image\/\",\"url\":\"https:\/\/www.amstedmaxion.com.br\/wp-content\/uploads\/2023\/11\/amsted.png\",\"contentUrl\":\"https:\/\/www.amstedmaxion.com.br\/wp-content\/uploads\/2023\/11\/amsted.png\",\"width\":500,\"height\":500,\"caption\":\"AMSTEDMAXION\"},\"image\":{\"@id\":\"https:\/\/www.amstedmaxion.com.br\/#\/schema\/logo\/image\/\"},\"sameAs\":[\"https:\/\/www.facebook.com\/AmstedMaxion.Oficial\",\"https:\/\/br.linkedin.com\/company\/amstedmaxion\"]}]}<\/script>\n<!-- \/ Yoast SEO plugin. -->","yoast_head_json":{"title":"Mission | Vision | Values - AmstedMaxion","robots":{"index":"index","follow":"follow","max-snippet":"max-snippet:-1","max-image-preview":"max-image-preview:large","max-video-preview":"max-video-preview:-1"},"canonical":"https:\/\/www.amstedmaxion.com.br\/en\/about-us\/mission-vision-values\/","og_locale":"en_US","og_type":"article","og_title":"Mission | Vision | Values - AmstedMaxion","og_description":"Mission We develop and employ our knowledge by proposing innovative, complete and integrated solutions that, throughout their cycle, are capable of: Stimulating our teams. Creating success for our customers. Respecting the environment and the community. Ensuring business sustainability Vision Being the first choice for the railway, foundry and services markets. Values Excellence Commitment with ethics [&hellip;]","og_url":"https:\/\/www.amstedmaxion.com.br\/en\/about-us\/mission-vision-values\/","og_site_name":"AmstedMaxion","article_publisher":"https:\/\/www.facebook.com\/AmstedMaxion.Oficial","article_modified_time":"2019-02-05T17:54:03+00:00","twitter_card":"summary_large_image","schema":{"@context":"https:\/\/schema.org","@graph":[{"@type":"WebPage","@id":"https:\/\/www.amstedmaxion.com.br\/en\/about-us\/mission-vision-values\/","url":"https:\/\/www.amstedmaxion.com.br\/en\/about-us\/mission-vision-values\/","name":"Mission | Vision | Values - AmstedMaxion","isPartOf":{"@id":"https:\/\/www.amstedmaxion.com.br\/#website"},"datePublished":"2017-10-24T17:25:05+00:00","dateModified":"2019-02-05T17:54:03+00:00","breadcrumb":{"@id":"https:\/\/www.amstedmaxion.com.br\/en\/about-us\/mission-vision-values\/#breadcrumb"},"inLanguage":"en-US","potentialAction":[{"@type":"ReadAction","target":["https:\/\/www.amstedmaxion.com.br\/en\/about-us\/mission-vision-values\/"]}]},{"@type":"BreadcrumbList","@id":"https:\/\/www.amstedmaxion.com.br\/en\/about-us\/mission-vision-values\/#breadcrumb","itemListElement":[{"@type":"ListItem","position":1,"name":"In\u00edcio","item":"https:\/\/www.amstedmaxion.com.br\/"},{"@type":"ListItem","position":2,"name":"About Us","item":"https:\/\/www.amstedmaxion.com.br\/en\/about-us\/"},{"@type":"ListItem","position":3,"name":"Mission | Vision | Values"}]},{"@type":"WebSite","@id":"https:\/\/www.amstedmaxion.com.br\/#website","url":"https:\/\/www.amstedmaxion.com.br\/","name":"AmstedMaxion","description":"AmstedMaxion - Fundi\u00e7\u00e3o e Equipamentos Ferrovi\u00e1rios","publisher":{"@id":"https:\/\/www.amstedmaxion.com.br\/#organization"},"alternateName":"AmstedMaxion","potentialAction":[{"@type":"SearchAction","target":{"@type":"EntryPoint","urlTemplate":"https:\/\/www.amstedmaxion.com.br\/?s={search_term_string}"},"query-input":{"@type":"PropertyValueSpecification","valueRequired":true,"valueName":"search_term_string"}}],"inLanguage":"en-US"},{"@type":"Organization","@id":"https:\/\/www.amstedmaxion.com.br\/#organization","name":"AMSTEDMAXION","url":"https:\/\/www.amstedmaxion.com.br\/","logo":{"@type":"ImageObject","inLanguage":"en-US","@id":"https:\/\/www.amstedmaxion.com.br\/#\/schema\/logo\/image\/","url":"https:\/\/www.amstedmaxion.com.br\/wp-content\/uploads\/2023\/11\/amsted.png","contentUrl":"https:\/\/www.amstedmaxion.com.br\/wp-content\/uploads\/2023\/11\/amsted.png","width":500,"height":500,"caption":"AMSTEDMAXION"},"image":{"@id":"https:\/\/www.amstedmaxion.com.br\/#\/schema\/logo\/image\/"},"sameAs":["https:\/\/www.facebook.com\/AmstedMaxion.Oficial","https:\/\/br.linkedin.com\/company\/amstedmaxion"]}]}},"_links":{"self":[{"href":"https:\/\/www.amstedmaxion.com.br\/en\/wp-json\/wp\/v2\/pages\/767","targetHints":{"allow":["GET"]}}],"collection":[{"href":"https:\/\/www.amstedmaxion.com.br\/en\/wp-json\/wp\/v2\/pages"}],"about":[{"href":"https:\/\/www.amstedmaxion.com.br\/en\/wp-json\/wp\/v2\/types\/page"}],"author":[{"embeddable":true,"href":"https:\/\/www.amstedmaxion.com.br\/en\/wp-json\/wp\/v2\/users\/6"}],"replies":[{"embeddable":true,"href":"https:\/\/www.amstedmaxion.com.br\/en\/wp-json\/wp\/v2\/comments?post=767"}],"version-history":[{"count":2,"href":"https:\/\/www.amstedmaxion.com.br\/en\/wp-json\/wp\/v2\/pages\/767\/revisions"}],"predecessor-version":[{"id":5113,"href":"https:\/\/www.amstedmaxion.com.br\/en\/wp-json\/wp\/v2\/pages\/767\/revisions\/5113"}],"up":[{"embeddable":true,"href":"https:\/\/www.amstedmaxion.com.br\/en\/wp-json\/wp\/v2\/pages\/664"}],"wp:attachment":[{"href":"https:\/\/www.amstedmaxion.com.br\/en\/wp-json\/wp\/v2\/media?parent=767"}],"curies":[{"name":"wp","href":"https:\/\/api.w.org\/{rel}","templated":true}]}}