{"id":789,"date":"2017-10-24T15:42:07","date_gmt":"2017-10-24T17:42:07","guid":{"rendered":"http:\/\/http:\/\/189.16.185.54\/?page_id=789"},"modified":"2019-02-06T11:45:46","modified_gmt":"2019-02-06T13:45:46","slug":"environmental-projects","status":"publish","type":"page","link":"https:\/\/www.amstedmaxion.com.br\/en\/sustainability\/environmental-projects\/","title":{"rendered":"Environmental Projects"},"content":{"rendered":"<p>AmstedMaxion is certified in ISO 14001 environmental standard, which means that the company owns and maintains an environmental management system in accordance with the requirements of the standard and it is through this management system that the company monitors and controls its environmental aspects. It is part of the company&#8217;s routine to monitor its activities so that they do not interfere with the quality of the environment.<\/p>\n<p>&nbsp;<\/p>\n<p>The search for new technologies and processes that generate less pollutants is constant and a good example is the installation of the thermal calcination system and the reforestation of ciliary forest. In addition, the company has been monitoring the Greenhouse Gas Management for four years, inventing the annual GHG emissions from its two units in Cruzeiro.<\/p>\n","protected":false},"excerpt":{"rendered":"<p>AmstedMaxion is certified in ISO 14001 environmental standard, which means that the company owns and maintains an environmental management system in accordance with the requirements of the standard and it is through this management system that the company monitors and controls its environmental aspects. It is part of the company&#8217;s routine to monitor its activities [&hellip;]<\/p>\n","protected":false},"author":6,"featured_media":0,"parent":669,"menu_order":3,"comment_status":"closed","ping_status":"closed","template":"page-list-sub-sub.php","meta":{"_acf_changed":false,"footnotes":""},"class_list":["post-789","page","type-page","status-publish","hentry"],"acf":[],"yoast_head":"<!-- This site is optimized with the Yoast SEO plugin v23.9 - https:\/\/yoast.com\/wordpress\/plugins\/seo\/ -->\n<title>Environmental Projects - AmstedMaxion<\/title>\n<meta name=\"robots\" content=\"index, follow, max-snippet:-1, max-image-preview:large, max-video-preview:-1\" \/>\n<link rel=\"canonical\" href=\"https:\/\/www.amstedmaxion.com.br\/sustentabilidade\/projetos-ambientais\/\" \/>\n<meta property=\"og:locale\" content=\"en_US\" \/>\n<meta property=\"og:type\" content=\"article\" \/>\n<meta property=\"og:title\" content=\"Environmental Projects - AmstedMaxion\" \/>\n<meta property=\"og:description\" content=\"AmstedMaxion is certified in ISO 14001 environmental standard, which means that the company owns and maintains an environmental management system in accordance with the requirements of the standard and it is through this management system that the company monitors and controls its environmental aspects. It is part of the company&#8217;s routine to monitor its activities [&hellip;]\" \/>\n<meta property=\"og:url\" content=\"https:\/\/www.amstedmaxion.com.br\/sustentabilidade\/projetos-ambientais\/\" \/>\n<meta property=\"og:site_name\" content=\"AmstedMaxion\" \/>\n<meta property=\"article:publisher\" content=\"https:\/\/www.facebook.com\/AmstedMaxion.Oficial\" \/>\n<meta property=\"article:modified_time\" content=\"2019-02-06T13:45:46+00:00\" \/>\n<meta name=\"twitter:card\" content=\"summary_large_image\" \/>\n<meta name=\"twitter:label1\" content=\"Est. reading time\" \/>\n\t<meta name=\"twitter:data1\" content=\"1 minute\" \/>\n<script type=\"application\/ld+json\" class=\"yoast-schema-graph\">{\"@context\":\"https:\/\/schema.org\",\"@graph\":[{\"@type\":\"WebPage\",\"@id\":\"https:\/\/www.amstedmaxion.com.br\/sustentabilidade\/projetos-ambientais\/\",\"url\":\"https:\/\/www.amstedmaxion.com.br\/sustentabilidade\/projetos-ambientais\/\",\"name\":\"Environmental Projects - AmstedMaxion\",\"isPartOf\":{\"@id\":\"https:\/\/www.amstedmaxion.com.br\/#website\"},\"datePublished\":\"2017-10-24T17:42:07+00:00\",\"dateModified\":\"2019-02-06T13:45:46+00:00\",\"breadcrumb\":{\"@id\":\"https:\/\/www.amstedmaxion.com.br\/sustentabilidade\/projetos-ambientais\/#breadcrumb\"},\"inLanguage\":\"en-US\",\"potentialAction\":[{\"@type\":\"ReadAction\",\"target\":[\"https:\/\/www.amstedmaxion.com.br\/sustentabilidade\/projetos-ambientais\/\"]}]},{\"@type\":\"BreadcrumbList\",\"@id\":\"https:\/\/www.amstedmaxion.com.br\/sustentabilidade\/projetos-ambientais\/#breadcrumb\",\"itemListElement\":[{\"@type\":\"ListItem\",\"position\":1,\"name\":\"In\u00edcio\",\"item\":\"https:\/\/www.amstedmaxion.com.br\/\"},{\"@type\":\"ListItem\",\"position\":2,\"name\":\"Sustainability\",\"item\":\"https:\/\/www.amstedmaxion.com.br\/sustentabilidade\/\"},{\"@type\":\"ListItem\",\"position\":3,\"name\":\"Environmental Projects\"}]},{\"@type\":\"WebSite\",\"@id\":\"https:\/\/www.amstedmaxion.com.br\/#website\",\"url\":\"https:\/\/www.amstedmaxion.com.br\/\",\"name\":\"AmstedMaxion\",\"description\":\"AmstedMaxion - Fundi\u00e7\u00e3o e Equipamentos Ferrovi\u00e1rios\",\"publisher\":{\"@id\":\"https:\/\/www.amstedmaxion.com.br\/#organization\"},\"alternateName\":\"AmstedMaxion\",\"potentialAction\":[{\"@type\":\"SearchAction\",\"target\":{\"@type\":\"EntryPoint\",\"urlTemplate\":\"https:\/\/www.amstedmaxion.com.br\/?s={search_term_string}\"},\"query-input\":{\"@type\":\"PropertyValueSpecification\",\"valueRequired\":true,\"valueName\":\"search_term_string\"}}],\"inLanguage\":\"en-US\"},{\"@type\":\"Organization\",\"@id\":\"https:\/\/www.amstedmaxion.com.br\/#organization\",\"name\":\"AMSTEDMAXION\",\"url\":\"https:\/\/www.amstedmaxion.com.br\/\",\"logo\":{\"@type\":\"ImageObject\",\"inLanguage\":\"en-US\",\"@id\":\"https:\/\/www.amstedmaxion.com.br\/#\/schema\/logo\/image\/\",\"url\":\"https:\/\/www.amstedmaxion.com.br\/wp-content\/uploads\/2023\/11\/amsted.png\",\"contentUrl\":\"https:\/\/www.amstedmaxion.com.br\/wp-content\/uploads\/2023\/11\/amsted.png\",\"width\":500,\"height\":500,\"caption\":\"AMSTEDMAXION\"},\"image\":{\"@id\":\"https:\/\/www.amstedmaxion.com.br\/#\/schema\/logo\/image\/\"},\"sameAs\":[\"https:\/\/www.facebook.com\/AmstedMaxion.Oficial\",\"https:\/\/br.linkedin.com\/company\/amstedmaxion\"]}]}<\/script>\n<!-- \/ Yoast SEO plugin. -->","yoast_head_json":{"title":"Environmental Projects - AmstedMaxion","robots":{"index":"index","follow":"follow","max-snippet":"max-snippet:-1","max-image-preview":"max-image-preview:large","max-video-preview":"max-video-preview:-1"},"canonical":"https:\/\/www.amstedmaxion.com.br\/sustentabilidade\/projetos-ambientais\/","og_locale":"en_US","og_type":"article","og_title":"Environmental Projects - AmstedMaxion","og_description":"AmstedMaxion is certified in ISO 14001 environmental standard, which means that the company owns and maintains an environmental management system in accordance with the requirements of the standard and it is through this management system that the company monitors and controls its environmental aspects. It is part of the company&#8217;s routine to monitor its activities [&hellip;]","og_url":"https:\/\/www.amstedmaxion.com.br\/sustentabilidade\/projetos-ambientais\/","og_site_name":"AmstedMaxion","article_publisher":"https:\/\/www.facebook.com\/AmstedMaxion.Oficial","article_modified_time":"2019-02-06T13:45:46+00:00","twitter_card":"summary_large_image","twitter_misc":{"Est. reading time":"1 minute"},"schema":{"@context":"https:\/\/schema.org","@graph":[{"@type":"WebPage","@id":"https:\/\/www.amstedmaxion.com.br\/sustentabilidade\/projetos-ambientais\/","url":"https:\/\/www.amstedmaxion.com.br\/sustentabilidade\/projetos-ambientais\/","name":"Environmental Projects - AmstedMaxion","isPartOf":{"@id":"https:\/\/www.amstedmaxion.com.br\/#website"},"datePublished":"2017-10-24T17:42:07+00:00","dateModified":"2019-02-06T13:45:46+00:00","breadcrumb":{"@id":"https:\/\/www.amstedmaxion.com.br\/sustentabilidade\/projetos-ambientais\/#breadcrumb"},"inLanguage":"en-US","potentialAction":[{"@type":"ReadAction","target":["https:\/\/www.amstedmaxion.com.br\/sustentabilidade\/projetos-ambientais\/"]}]},{"@type":"BreadcrumbList","@id":"https:\/\/www.amstedmaxion.com.br\/sustentabilidade\/projetos-ambientais\/#breadcrumb","itemListElement":[{"@type":"ListItem","position":1,"name":"In\u00edcio","item":"https:\/\/www.amstedmaxion.com.br\/"},{"@type":"ListItem","position":2,"name":"Sustainability","item":"https:\/\/www.amstedmaxion.com.br\/sustentabilidade\/"},{"@type":"ListItem","position":3,"name":"Environmental Projects"}]},{"@type":"WebSite","@id":"https:\/\/www.amstedmaxion.com.br\/#website","url":"https:\/\/www.amstedmaxion.com.br\/","name":"AmstedMaxion","description":"AmstedMaxion - Fundi\u00e7\u00e3o e Equipamentos Ferrovi\u00e1rios","publisher":{"@id":"https:\/\/www.amstedmaxion.com.br\/#organization"},"alternateName":"AmstedMaxion","potentialAction":[{"@type":"SearchAction","target":{"@type":"EntryPoint","urlTemplate":"https:\/\/www.amstedmaxion.com.br\/?s={search_term_string}"},"query-input":{"@type":"PropertyValueSpecification","valueRequired":true,"valueName":"search_term_string"}}],"inLanguage":"en-US"},{"@type":"Organization","@id":"https:\/\/www.amstedmaxion.com.br\/#organization","name":"AMSTEDMAXION","url":"https:\/\/www.amstedmaxion.com.br\/","logo":{"@type":"ImageObject","inLanguage":"en-US","@id":"https:\/\/www.amstedmaxion.com.br\/#\/schema\/logo\/image\/","url":"https:\/\/www.amstedmaxion.com.br\/wp-content\/uploads\/2023\/11\/amsted.png","contentUrl":"https:\/\/www.amstedmaxion.com.br\/wp-content\/uploads\/2023\/11\/amsted.png","width":500,"height":500,"caption":"AMSTEDMAXION"},"image":{"@id":"https:\/\/www.amstedmaxion.com.br\/#\/schema\/logo\/image\/"},"sameAs":["https:\/\/www.facebook.com\/AmstedMaxion.Oficial","https:\/\/br.linkedin.com\/company\/amstedmaxion"]}]}},"_links":{"self":[{"href":"https:\/\/www.amstedmaxion.com.br\/en\/wp-json\/wp\/v2\/pages\/789","targetHints":{"allow":["GET"]}}],"collection":[{"href":"https:\/\/www.amstedmaxion.com.br\/en\/wp-json\/wp\/v2\/pages"}],"about":[{"href":"https:\/\/www.amstedmaxion.com.br\/en\/wp-json\/wp\/v2\/types\/page"}],"author":[{"embeddable":true,"href":"https:\/\/www.amstedmaxion.com.br\/en\/wp-json\/wp\/v2\/users\/6"}],"replies":[{"embeddable":true,"href":"https:\/\/www.amstedmaxion.com.br\/en\/wp-json\/wp\/v2\/comments?post=789"}],"version-history":[{"count":2,"href":"https:\/\/www.amstedmaxion.com.br\/en\/wp-json\/wp\/v2\/pages\/789\/revisions"}],"predecessor-version":[{"id":5155,"href":"https:\/\/www.amstedmaxion.com.br\/en\/wp-json\/wp\/v2\/pages\/789\/revisions\/5155"}],"up":[{"embeddable":true,"href":"https:\/\/www.amstedmaxion.com.br\/en\/wp-json\/wp\/v2\/pages\/669"}],"wp:attachment":[{"href":"https:\/\/www.amstedmaxion.com.br\/en\/wp-json\/wp\/v2\/media?parent=789"}],"curies":[{"name":"wp","href":"https:\/\/api.w.org\/{rel}","templated":true}]}}